{"id":1782,"date":"2024-10-25T03:18:16","date_gmt":"2024-10-25T01:18:16","guid":{"rendered":"https:\/\/loko.skymove.sk\/services\/non-destructive-testing\/"},"modified":"2024-11-30T18:54:35","modified_gmt":"2024-11-30T17:54:35","slug":"non-destructive-testing","status":"publish","type":"page","link":"https:\/\/lokotransslovakia.sk\/en\/services\/non-destructive-testing\/","title":{"rendered":"Non-destructive testing"},"content":{"rendered":"\n<div class=\"wp-block-group has-darkblue-color has-lightblue-background-color has-text-color has-background has-link-color wp-elements-f7f66a0a0d7c717c44949348e34ec516 has-global-padding is-layout-constrained wp-block-group-is-layout-constrained\" style=\"padding-top:0;padding-bottom:var(--wp--preset--spacing--40)\">\n<p class=\"has-medium-font-size\">Non-Destructive Testing (NDT) in the railway industry is a technique used to assess the integrity of railway components and infrastructure without damaging the tested material. These methods ensure the safety and reliability of railway systems. At LOKO TRANS Slovakia, we consider NDT a fundamental pillar of operational quality and safety.  <\/p>\n<\/div>\n\n<section class=\"wp-block-group has-global-padding is-layout-constrained wp-container-core-group-is-layout-a52cd52f wp-block-group-is-layout-constrained\" style=\"margin-top:0;margin-bottom:var(--wp--preset--spacing--40);padding-top:var(--wp--preset--spacing--40);padding-bottom:0\">\n<h4 class=\"wp-block-heading\" style=\"padding-top:0\">NDT Methods<\/h4>\n\n\n\n<p><strong>Ultrasonic Testing (UT)<\/strong> \u2013 uses ultrasonic waves to detect internal defects in materials.<\/p>\n\n\n\n<p><strong>Magnetic Particle Testing (MT)<\/strong> \u2013 applies a magnetic field to the material. Defects alter the magnetic field, allowing their identification. <\/p>\n\n\n\n<p><strong>Liquid Penetrant Testing (PT)<\/strong> \u2013 uses a penetrant liquid that seeps into surface cracks, making defects visible after applying a developer.<\/p>\n\n\n\n<p><strong>Visual Testing (VT)<\/strong> \u2013 a basic method that uses visual inspection to identify surface irregularities.<\/p>\n\n\n\n<div class=\"wp-block-group has-white-color has-darkgrey-background-color has-text-color has-background has-link-color wp-elements-f8c7c979969cadc58bdc08e7d981c219 is-vertical is-layout-flex wp-container-core-group-is-layout-2c2c455a wp-block-group-is-layout-flex\" style=\"margin-top:var(--wp--preset--spacing--40);margin-bottom:var(--wp--preset--spacing--30);padding-top:var(--wp--preset--spacing--30);padding-right:var(--wp--preset--spacing--30);padding-bottom:var(--wp--preset--spacing--30);padding-left:var(--wp--preset--spacing--30)\">\n<h5 class=\"wp-block-heading\" style=\"padding-top:0;padding-bottom:0\">Technical equipment<\/h5>\n\n\n\n<p style=\"line-height:1.5\"><strong>MZZD-2500-R Equipment<\/strong>: For the inspection of complete wheelsets, enabling testing with or without monoblocks.<br\/><strong>MAS 1500 HD Plus Equipment<\/strong>: Designed for inspecting smaller components up to a length of 1500 mm.<br\/><strong>OLYMPUS Ultrasonic Equipment<\/strong>: Specialized technical equipment adapted for UT (Ultrasonic Testing) inspections.<\/p>\n\n\n\n<p>Technicians have achieved Level 2 certification in all listed methods, and the head of the defectoscopy center holds Level 3 certification in UT, MT, and VT methods.<\/p>\n<\/div>\n<\/section>\n\n<section class=\"wp-block-group has-darkblue-color has-text-color has-link-color wp-elements-a662ff284fab58cb19503713f78b70ad has-global-padding is-layout-constrained wp-container-core-group-is-layout-df787fe5 wp-block-group-is-layout-constrained\" style=\"margin-top:var(--wp--preset--spacing--20);margin-bottom:var(--wp--preset--spacing--20);padding-top:0;padding-right:var(--wp--preset--spacing--20);padding-bottom:0;padding-left:var(--wp--preset--spacing--20)\">\n<div class=\"wp-block-group is-layout-grid wp-container-core-group-is-layout-2dc17c27 wp-block-group-is-layout-grid\" style=\"margin-top:0;margin-bottom:0;padding-top:0;padding-right:0;padding-bottom:0;padding-left:0\">\n<div class=\"wp-block-group has-border-color has-background is-vertical is-content-justification-stretch is-layout-flex wp-container-core-group-is-layout-f56ee3e0 wp-block-group-is-layout-flex\" style=\"border-color:#00424040;border-width:2px;background-color:#0000000f;min-height:250px;margin-top:0;margin-bottom:0;padding-top:0;padding-right:0;padding-bottom:0;padding-left:0;background-image:url(&apos;https:\/\/lokotransslovakia.sk\/wp-content\/uploads\/ndt-1.jpg&apos;);background-position:54% 52%;background-size:cover;\"><\/div>\n\n\n\n<div class=\"wp-block-group has-border-color has-background wp-container-content-9df8e368 is-vertical is-content-justification-stretch is-layout-flex wp-container-core-group-is-layout-f56ee3e0 wp-block-group-is-layout-flex\" style=\"border-color:#00424040;border-width:2px;background-color:#0000000f;min-height:250px;margin-top:0;margin-bottom:0;padding-top:0;padding-right:0;padding-bottom:0;padding-left:0;background-image:url(&apos;https:\/\/lokotransslovakia.sk\/wp-content\/uploads\/ndt-2.jpg&apos;);background-position:64% 41%;background-size:cover;\"><\/div>\n\n\n\n<div class=\"wp-block-group has-border-color has-background wp-container-content-9df8e368 is-vertical is-content-justification-stretch is-layout-flex wp-container-core-group-is-layout-f56ee3e0 wp-block-group-is-layout-flex\" style=\"border-color:#00424040;border-width:2px;background-color:#0000000f;min-height:250px;margin-top:0;margin-bottom:0;padding-top:0;padding-right:0;padding-bottom:0;padding-left:0;background-image:url(&apos;https:\/\/lokotransslovakia.sk\/wp-content\/uploads\/ndt-3.jpg&apos;);background-position:46% 53%;background-size:cover;\"><\/div>\n<\/div>\n<\/section>\n\n<div class=\"wp-block-group has-global-padding is-layout-constrained wp-block-group-is-layout-constrained\">\n<div class=\"wp-block-group has-darkorange-color has-lightorange-background-color has-text-color has-background has-link-color wp-elements-bcd5ffdaf1912683a5cad6d9114bb252 has-global-padding is-layout-constrained wp-container-core-group-is-layout-59d3edb0 wp-block-group-is-layout-constrained\" style=\"margin-top:var(--wp--preset--spacing--40);margin-bottom:var(--wp--preset--spacing--40);padding-top:var(--wp--preset--spacing--30);padding-right:var(--wp--preset--spacing--30);padding-bottom:var(--wp--preset--spacing--30);padding-left:var(--wp--preset--spacing--30)\">\n<h5 class=\"wp-block-heading\" style=\"padding-top:0;padding-bottom:0\">Certifications and Authorizations<\/h5>\n\n\n\n<p style=\"line-height:1.5\">Technicians are certified according to EN ISO 9712 and UIC 960, accredited by COO NSD Bratislava and \u010cesk\u00e9 dr\u00e1hy, a.s.<\/p>\n\n\n\n<p>The company holds authorizations from the Transport Authority in Bratislava and HDS KV Prague.<\/p>\n\n\n\n<p>Completed VPI certification for the NDT RAILWAY certification scheme by W.S. CERT.<\/p>\n\n\n\n<div class=\"wp-block-group is-layout-grid wp-container-core-group-is-layout-e0ef7ac5 wp-block-group-is-layout-grid\" style=\"margin-top:var(--wp--preset--spacing--30);padding-top:0;padding-right:0;padding-bottom:0;padding-left:0\">\n<figure data-wp-context=\"{&quot;imageId&quot;:&quot;69ed286567dff&quot;}\" data-wp-interactive=\"core\/image\" data-wp-key=\"69ed286567dff\" class=\"wp-block-image size-medium has-custom-border wp-duotone-unset-1 wp-lightbox-container\"><img loading=\"lazy\" decoding=\"async\" width=\"212\" height=\"300\" data-wp-class--hide=\"state.isContentHidden\" data-wp-class--show=\"state.isContentVisible\" data-wp-init=\"callbacks.setButtonStyles\" data-wp-on--click=\"actions.showLightbox\" data-wp-on--load=\"callbacks.setButtonStyles\" data-wp-on-window--resize=\"callbacks.setButtonStyles\" src=\"https:\/\/lokotransslovakia.sk\/wp-content\/uploads\/dopravny-urad-ndt-212x300.jpg\" alt=\"\" class=\"has-border-color has-lightgrey-border-color wp-image-435\" style=\"border-width:2px\" srcset=\"https:\/\/lokotransslovakia.sk\/wp-content\/uploads\/dopravny-urad-ndt-212x300.jpg 212w, https:\/\/lokotransslovakia.sk\/wp-content\/uploads\/dopravny-urad-ndt.jpg 678w\" sizes=\"auto, (max-width: 212px) 100vw, 212px\" \/><button\n\t\t\tclass=\"lightbox-trigger\"\n\t\t\ttype=\"button\"\n\t\t\taria-haspopup=\"dialog\"\n\t\t\taria-label=\"Enlarge\"\n\t\t\tdata-wp-init=\"callbacks.initTriggerButton\"\n\t\t\tdata-wp-on--click=\"actions.showLightbox\"\n\t\t\tdata-wp-style--right=\"state.imageButtonRight\"\n\t\t\tdata-wp-style--top=\"state.imageButtonTop\"\n\t\t>\n\t\t\t<svg xmlns=\"http:\/\/www.w3.org\/2000\/svg\" width=\"12\" height=\"12\" fill=\"none\" viewBox=\"0 0 12 12\">\n\t\t\t\t<path fill=\"#fff\" d=\"M2 0a2 2 0 0 0-2 2v2h1.5V2a.5.5 0 0 1 .5-.5h2V0H2Zm2 10.5H2a.5.5 0 0 1-.5-.5V8H0v2a2 2 0 0 0 2 2h2v-1.5ZM8 12v-1.5h2a.5.5 0 0 0 .5-.5V8H12v2a2 2 0 0 1-2 2H8Zm2-12a2 2 0 0 1 2 2v2h-1.5V2a.5.5 0 0 0-.5-.5H8V0h2Z\" \/>\n\t\t\t<\/svg>\n\t\t<\/button><\/figure>\n\n\n\n<figure data-wp-context=\"{&quot;imageId&quot;:&quot;69ed286568b05&quot;}\" data-wp-interactive=\"core\/image\" data-wp-key=\"69ed286568b05\" class=\"wp-block-image size-medium has-custom-border wp-lightbox-container\"><img loading=\"lazy\" decoding=\"async\" width=\"212\" height=\"300\" data-wp-class--hide=\"state.isContentHidden\" data-wp-class--show=\"state.isContentVisible\" data-wp-init=\"callbacks.setButtonStyles\" data-wp-on--click=\"actions.showLightbox\" data-wp-on--load=\"callbacks.setButtonStyles\" data-wp-on-window--resize=\"callbacks.setButtonStyles\" src=\"https:\/\/lokotransslovakia.sk\/wp-content\/uploads\/cd-opravnenie-212x300.png\" alt=\"\" class=\"has-border-color has-lightgrey-border-color wp-image-913\" style=\"border-width:2px\" srcset=\"https:\/\/lokotransslovakia.sk\/wp-content\/uploads\/cd-opravnenie-212x300.png 212w, https:\/\/lokotransslovakia.sk\/wp-content\/uploads\/cd-opravnenie-724x1024.png 724w, https:\/\/lokotransslovakia.sk\/wp-content\/uploads\/cd-opravnenie-768x1087.png 768w, https:\/\/lokotransslovakia.sk\/wp-content\/uploads\/cd-opravnenie-1086x1536.png 1086w, https:\/\/lokotransslovakia.sk\/wp-content\/uploads\/cd-opravnenie.png 1159w\" sizes=\"auto, (max-width: 212px) 100vw, 212px\" \/><button\n\t\t\tclass=\"lightbox-trigger\"\n\t\t\ttype=\"button\"\n\t\t\taria-haspopup=\"dialog\"\n\t\t\taria-label=\"Enlarge\"\n\t\t\tdata-wp-init=\"callbacks.initTriggerButton\"\n\t\t\tdata-wp-on--click=\"actions.showLightbox\"\n\t\t\tdata-wp-style--right=\"state.imageButtonRight\"\n\t\t\tdata-wp-style--top=\"state.imageButtonTop\"\n\t\t>\n\t\t\t<svg xmlns=\"http:\/\/www.w3.org\/2000\/svg\" width=\"12\" height=\"12\" fill=\"none\" viewBox=\"0 0 12 12\">\n\t\t\t\t<path fill=\"#fff\" d=\"M2 0a2 2 0 0 0-2 2v2h1.5V2a.5.5 0 0 1 .5-.5h2V0H2Zm2 10.5H2a.5.5 0 0 1-.5-.5V8H0v2a2 2 0 0 0 2 2h2v-1.5ZM8 12v-1.5h2a.5.5 0 0 0 .5-.5V8H12v2a2 2 0 0 1-2 2H8Zm2-12a2 2 0 0 1 2 2v2h-1.5V2a.5.5 0 0 0-.5-.5H8V0h2Z\" \/>\n\t\t\t<\/svg>\n\t\t<\/button><\/figure>\n\n\n\n<figure data-wp-context=\"{&quot;imageId&quot;:&quot;69ed286569735&quot;}\" data-wp-interactive=\"core\/image\" data-wp-key=\"69ed286569735\" class=\"wp-block-image size-medium has-custom-border wp-lightbox-container\"><img loading=\"lazy\" decoding=\"async\" width=\"212\" height=\"300\" data-wp-class--hide=\"state.isContentHidden\" data-wp-class--show=\"state.isContentVisible\" data-wp-init=\"callbacks.setButtonStyles\" data-wp-on--click=\"actions.showLightbox\" data-wp-on--load=\"callbacks.setButtonStyles\" data-wp-on-window--resize=\"callbacks.setButtonStyles\" src=\"https:\/\/lokotransslovakia.sk\/wp-content\/uploads\/ws-cert-ndt-212x300.png\" alt=\"\" class=\"has-border-color has-lightgrey-border-color wp-image-445\" style=\"border-width:2px;object-fit:cover\" srcset=\"https:\/\/lokotransslovakia.sk\/wp-content\/uploads\/ws-cert-ndt-212x300.png 212w, https:\/\/lokotransslovakia.sk\/wp-content\/uploads\/ws-cert-ndt-723x1024.png 723w, https:\/\/lokotransslovakia.sk\/wp-content\/uploads\/ws-cert-ndt-768x1088.png 768w, https:\/\/lokotransslovakia.sk\/wp-content\/uploads\/ws-cert-ndt.png 791w\" sizes=\"auto, (max-width: 212px) 100vw, 212px\" \/><button\n\t\t\tclass=\"lightbox-trigger\"\n\t\t\ttype=\"button\"\n\t\t\taria-haspopup=\"dialog\"\n\t\t\taria-label=\"Enlarge\"\n\t\t\tdata-wp-init=\"callbacks.initTriggerButton\"\n\t\t\tdata-wp-on--click=\"actions.showLightbox\"\n\t\t\tdata-wp-style--right=\"state.imageButtonRight\"\n\t\t\tdata-wp-style--top=\"state.imageButtonTop\"\n\t\t>\n\t\t\t<svg xmlns=\"http:\/\/www.w3.org\/2000\/svg\" width=\"12\" height=\"12\" fill=\"none\" viewBox=\"0 0 12 12\">\n\t\t\t\t<path fill=\"#fff\" d=\"M2 0a2 2 0 0 0-2 2v2h1.5V2a.5.5 0 0 1 .5-.5h2V0H2Zm2 10.5H2a.5.5 0 0 1-.5-.5V8H0v2a2 2 0 0 0 2 2h2v-1.5ZM8 12v-1.5h2a.5.5 0 0 0 .5-.5V8H12v2a2 2 0 0 1-2 2H8Zm2-12a2 2 0 0 1 2 2v2h-1.5V2a.5.5 0 0 0-.5-.5H8V0h2Z\" \/>\n\t\t\t<\/svg>\n\t\t<\/button><\/figure>\n<\/div>\n<\/div>\n<\/div>\n\n<div class=\"wp-block-group has-global-padding is-layout-constrained wp-block-group-is-layout-constrained\">\n<div class=\"wp-block-buttons is-layout-flex wp-block-buttons-is-layout-flex\" style=\"margin-top:var(--wp--preset--spacing--20)\">\n<div class=\"wp-block-button is-style-small is-style-small--2\"><a class=\"wp-block-button__link has-white-color has-darkgrey-background-color has-text-color has-background has-link-color wp-element-button\" href=\"https:\/\/lokotransslovakia.sk\/en\/services\/\">\u2190 All services<\/a><\/div>\n<\/div>\n<\/div>\n","protected":false},"excerpt":{"rendered":"<p>Non-Destructive Testing (NDT) in the railway industry is a technique used to assess the integrity of railway components and infrastructure without damaging the tested material. These methods ensure the safety and reliability of railway systems. At LOKO TRANS Slovakia, we consider NDT a fundamental pillar of operational quality and safety. NDT Methods Ultrasonic Testing (UT) [&hellip;]<\/p>\n","protected":false},"author":2,"featured_media":0,"parent":1633,"menu_order":4,"comment_status":"closed","ping_status":"closed","template":"page-with-blue-header","meta":{"_hide_from_menu":false,"footnotes":""},"class_list":["post-1782","page","type-page","status-publish","hentry"],"jetpack_sharing_enabled":true,"_links":{"self":[{"href":"https:\/\/lokotransslovakia.sk\/en\/wp-json\/wp\/v2\/pages\/1782","targetHints":{"allow":["GET"]}}],"collection":[{"href":"https:\/\/lokotransslovakia.sk\/en\/wp-json\/wp\/v2\/pages"}],"about":[{"href":"https:\/\/lokotransslovakia.sk\/en\/wp-json\/wp\/v2\/types\/page"}],"author":[{"embeddable":true,"href":"https:\/\/lokotransslovakia.sk\/en\/wp-json\/wp\/v2\/users\/2"}],"replies":[{"embeddable":true,"href":"https:\/\/lokotransslovakia.sk\/en\/wp-json\/wp\/v2\/comments?post=1782"}],"version-history":[{"count":2,"href":"https:\/\/lokotransslovakia.sk\/en\/wp-json\/wp\/v2\/pages\/1782\/revisions"}],"predecessor-version":[{"id":2224,"href":"https:\/\/lokotransslovakia.sk\/en\/wp-json\/wp\/v2\/pages\/1782\/revisions\/2224"}],"up":[{"embeddable":true,"href":"https:\/\/lokotransslovakia.sk\/en\/wp-json\/wp\/v2\/pages\/1633"}],"wp:attachment":[{"href":"https:\/\/lokotransslovakia.sk\/en\/wp-json\/wp\/v2\/media?parent=1782"}],"curies":[{"name":"wp","href":"https:\/\/api.w.org\/{rel}","templated":true}]}}