{"id":1778,"date":"2024-10-25T03:22:58","date_gmt":"2024-10-25T01:22:58","guid":{"rendered":"https:\/\/loko.skymove.sk\/about-us\/we-support\/"},"modified":"2024-11-30T18:55:18","modified_gmt":"2024-11-30T17:55:18","slug":"we-support","status":"publish","type":"page","link":"https:\/\/lokotransslovakia.sk\/en\/about-us\/we-support\/","title":{"rendered":"We support"},"content":{"rendered":"\n<div class=\"wp-block-group has-darkgreen-color has-lightgreen-background-color has-text-color has-background has-link-color wp-elements-02415c06d84828ad65f8e16575a2a515 has-global-padding is-layout-constrained wp-container-core-group-is-layout-63d60fee wp-block-group-is-layout-constrained\" style=\"padding-top:0;padding-bottom:var(--wp--preset--spacing--50)\">\n<h5 class=\"wp-block-heading\" style=\"padding-top:0;padding-bottom:0\">At LOKO TRANS Slovakia, we are proud to support initiatives that reflect our values and truly change the world for the better.<\/h5>\n\n\n\n<div class=\"wp-block-group is-layout-grid wp-container-core-group-is-layout-f398fdb5 wp-block-group-is-layout-grid\">\n<div class=\"wp-block-group has-border-color has-white-background-color has-background is-vertical is-layout-flex wp-container-core-group-is-layout-5b5c9450 wp-block-group-is-layout-flex\" style=\"border-color:#01410080;border-width:2px;padding-top:0;padding-right:0;padding-bottom:0;padding-left:0\">\n<figure class=\"wp-block-image size-large\"><a href=\"https:\/\/fntt.sk\/media\/2-percenta\/\" target=\"_blank\" rel=\"noreferrer noopener\"><img loading=\"lazy\" decoding=\"async\" width=\"1024\" height=\"681\" src=\"https:\/\/lokotransslovakia.sk\/wp-content\/uploads\/sanatorium-1024x681.jpg\" alt=\"\" class=\"wp-image-523\" style=\"aspect-ratio:16\/9;object-fit:cover\" srcset=\"https:\/\/lokotransslovakia.sk\/wp-content\/uploads\/sanatorium-1024x681.jpg 1024w, https:\/\/lokotransslovakia.sk\/wp-content\/uploads\/sanatorium-300x199.jpg 300w, https:\/\/lokotransslovakia.sk\/wp-content\/uploads\/sanatorium-768x511.jpg 768w, https:\/\/lokotransslovakia.sk\/wp-content\/uploads\/sanatorium-1536x1021.jpg 1536w, https:\/\/lokotransslovakia.sk\/wp-content\/uploads\/sanatorium-2048x1361.jpg 2048w\" sizes=\"auto, (max-width: 1024px) 100vw, 1024px\" \/><\/a><\/figure>\n\n\n\n<p class=\"has-medium-font-size\" style=\"padding-top:var(--wp--preset--spacing--20);padding-right:var(--wp--preset--spacing--20);padding-bottom:var(--wp--preset--spacing--20);padding-left:var(--wp--preset--spacing--20)\"><a href=\"https:\/\/fntt.sk\/media\/2-percenta\/\" target=\"_blank\" rel=\"noreferrer noopener\">Children&#8217;s day sanatorium Slne\u010dn\u00fd L\u00fa\u010d, Trnava<\/a><\/p>\n<\/div>\n\n\n\n<div class=\"wp-block-group has-border-color has-white-background-color has-background is-vertical is-layout-flex wp-container-core-group-is-layout-5b5c9450 wp-block-group-is-layout-flex\" style=\"border-color:#01410080;border-width:2px;padding-top:0;padding-right:0;padding-bottom:0;padding-left:0\">\n<figure class=\"wp-block-image size-full\"><a href=\"https:\/\/medican.sk\" target=\"_blank\" rel=\"noreferrer noopener\"><img loading=\"lazy\" decoding=\"async\" width=\"1024\" height=\"683\" src=\"https:\/\/lokotransslovakia.sk\/wp-content\/uploads\/medican.jpg\" alt=\"\" class=\"wp-image-535\" style=\"aspect-ratio:16\/9;object-fit:cover\" srcset=\"https:\/\/lokotransslovakia.sk\/wp-content\/uploads\/medican.jpg 1024w, https:\/\/lokotransslovakia.sk\/wp-content\/uploads\/medican-300x200.jpg 300w, https:\/\/lokotransslovakia.sk\/wp-content\/uploads\/medican-768x512.jpg 768w\" sizes=\"auto, (max-width: 1024px) 100vw, 1024px\" \/><\/a><\/figure>\n\n\n\n<p class=\"has-medium-font-size\" style=\"padding-top:var(--wp--preset--spacing--20);padding-right:var(--wp--preset--spacing--20);padding-bottom:var(--wp--preset--spacing--20);padding-left:var(--wp--preset--spacing--20)\"><a href=\"https:\/\/medican.sk\" target=\"_blank\" rel=\"noreferrer noopener\">Internal and orthopaedic department of the private clinic MEDICAN<\/a><\/p>\n<\/div>\n\n\n\n<div class=\"wp-block-group has-border-color has-white-background-color has-background is-vertical is-content-justification-left is-layout-flex wp-container-core-group-is-layout-8d654b36 wp-block-group-is-layout-flex\" style=\"border-color:#01410080;border-width:2px;padding-top:0;padding-right:0;padding-bottom:0;padding-left:0\">\n<figure class=\"wp-block-image size-full\"><a href=\"https:\/\/sia-news.com\/dostihy-surany-2024-uz-coskoro\/\" target=\"_blank\" rel=\"noreferrer noopener\"><img loading=\"lazy\" decoding=\"async\" width=\"1024\" height=\"686\" src=\"https:\/\/lokotransslovakia.sk\/wp-content\/uploads\/dostihy.jpg\" alt=\"\" class=\"wp-image-538\" style=\"aspect-ratio:16\/9;object-fit:cover\" srcset=\"https:\/\/lokotransslovakia.sk\/wp-content\/uploads\/dostihy.jpg 1024w, https:\/\/lokotransslovakia.sk\/wp-content\/uploads\/dostihy-300x201.jpg 300w, https:\/\/lokotransslovakia.sk\/wp-content\/uploads\/dostihy-768x515.jpg 768w\" sizes=\"auto, (max-width: 1024px) 100vw, 1024px\" \/><\/a><\/figure>\n\n\n\n<p class=\"has-medium-font-size\" style=\"padding-top:var(--wp--preset--spacing--20);padding-right:var(--wp--preset--spacing--20);padding-bottom:var(--wp--preset--spacing--20);padding-left:var(--wp--preset--spacing--20)\"><a href=\"https:\/\/sia-news.com\/dostihy-surany-2024-uz-coskoro\/\" target=\"_blank\" rel=\"noreferrer noopener\">Horse racing in \u0160urany<\/a><\/p>\n<\/div>\n\n\n\n<div class=\"wp-block-group has-border-color has-white-background-color has-background is-vertical is-layout-flex wp-container-core-group-is-layout-5b5c9450 wp-block-group-is-layout-flex\" style=\"border-color:#01410080;border-width:2px;padding-top:0;padding-right:0;padding-bottom:0;padding-left:0\">\n<figure class=\"wp-block-image size-full\"><img loading=\"lazy\" decoding=\"async\" width=\"950\" height=\"634\" src=\"https:\/\/lokotransslovakia.sk\/wp-content\/uploads\/surianska-desiatka.jpg\" alt=\"\" class=\"wp-image-539\" style=\"aspect-ratio:16\/9;object-fit:cover\" srcset=\"https:\/\/lokotransslovakia.sk\/wp-content\/uploads\/surianska-desiatka.jpg 950w, https:\/\/lokotransslovakia.sk\/wp-content\/uploads\/surianska-desiatka-300x200.jpg 300w, https:\/\/lokotransslovakia.sk\/wp-content\/uploads\/surianska-desiatka-768x513.jpg 768w\" sizes=\"auto, (max-width: 950px) 100vw, 950px\" \/><\/figure>\n\n\n\n<p class=\"has-medium-font-size\" style=\"padding-top:var(--wp--preset--spacing--20);padding-right:var(--wp--preset--spacing--20);padding-bottom:var(--wp--preset--spacing--20);padding-left:var(--wp--preset--spacing--20)\"><a href=\"https:\/\/sia-news.com\/dostihy-surany-2024-uz-coskoro\/\" target=\"_blank\" rel=\"noreferrer noopener\">\u0160urianska desiatka<\/a><\/p>\n<\/div>\n\n\n\n<div class=\"wp-block-group has-border-color has-white-background-color has-background is-vertical is-layout-flex wp-container-core-group-is-layout-5b5c9450 wp-block-group-is-layout-flex\" style=\"border-color:#01410080;border-width:2px;padding-top:0;padding-right:0;padding-bottom:0;padding-left:0\">\n<figure class=\"wp-block-image size-full\"><a href=\"https:\/\/www.sfga.sk\/sk\/s2117\/c2236-Novinky\/n7026-Historicky-uspech-slovenskeho-Footgolfu\" target=\"_blank\" rel=\"noreferrer noopener\"><img loading=\"lazy\" decoding=\"async\" width=\"1200\" height=\"903\" src=\"https:\/\/lokotransslovakia.sk\/wp-content\/uploads\/fotogolf.jpg\" alt=\"\" class=\"wp-image-541\" style=\"aspect-ratio:16\/9;object-fit:cover\" srcset=\"https:\/\/lokotransslovakia.sk\/wp-content\/uploads\/fotogolf.jpg 1200w, https:\/\/lokotransslovakia.sk\/wp-content\/uploads\/fotogolf-300x226.jpg 300w, https:\/\/lokotransslovakia.sk\/wp-content\/uploads\/fotogolf-1024x771.jpg 1024w, https:\/\/lokotransslovakia.sk\/wp-content\/uploads\/fotogolf-768x578.jpg 768w\" sizes=\"auto, (max-width: 1200px) 100vw, 1200px\" \/><\/a><\/figure>\n\n\n\n<p class=\"has-medium-font-size\" style=\"padding-top:var(--wp--preset--spacing--20);padding-right:var(--wp--preset--spacing--20);padding-bottom:var(--wp--preset--spacing--20);padding-left:var(--wp--preset--spacing--20)\"><a href=\"https:\/\/www.sfga.sk\/sk\/s2117\/c2236-Novinky\/n7026-Historicky-uspech-slovenskeho-Footgolfu\" target=\"_blank\" rel=\"noreferrer noopener\">Footgolf &#8211; Andrej Ivan and Marek Vittek<\/a><\/p>\n<\/div>\n\n\n\n<div class=\"wp-block-group has-border-color has-white-background-color has-background is-vertical is-layout-flex wp-container-core-group-is-layout-5b5c9450 wp-block-group-is-layout-flex\" style=\"border-color:#01410080;border-width:2px;padding-top:0;padding-right:0;padding-bottom:0;padding-left:0\">\n<figure class=\"wp-block-image size-full\"><a href=\"https:\/\/www.facebook.com\/p\/Kaviare&#x148;-&#x17D;ofia-100063836760669\/?locale=sk_SK\" target=\"_blank\" rel=\"noreferrer noopener\"><img loading=\"lazy\" decoding=\"async\" width=\"1079\" height=\"720\" src=\"https:\/\/lokotransslovakia.sk\/wp-content\/uploads\/hudobne-vecierky.jpg\" alt=\"\" class=\"wp-image-543\" style=\"aspect-ratio:16\/9;object-fit:cover\" srcset=\"https:\/\/lokotransslovakia.sk\/wp-content\/uploads\/hudobne-vecierky.jpg 1079w, https:\/\/lokotransslovakia.sk\/wp-content\/uploads\/hudobne-vecierky-300x200.jpg 300w, https:\/\/lokotransslovakia.sk\/wp-content\/uploads\/hudobne-vecierky-1024x683.jpg 1024w, https:\/\/lokotransslovakia.sk\/wp-content\/uploads\/hudobne-vecierky-768x512.jpg 768w\" sizes=\"auto, (max-width: 1079px) 100vw, 1079px\" \/><\/a><\/figure>\n\n\n\n<p class=\"has-medium-font-size\" style=\"padding-top:var(--wp--preset--spacing--20);padding-right:var(--wp--preset--spacing--20);padding-bottom:var(--wp--preset--spacing--20);padding-left:var(--wp--preset--spacing--20)\"><a href=\"https:\/\/www.facebook.com\/p\/Kaviare%C5%88-%C5%BDofia-100063836760669\/?locale=sk_SK\" target=\"_blank\" rel=\"noreferrer noopener\">Musical evenings in \u017dofia caf\u00e9<\/a><\/p>\n<\/div>\n\n\n\n<div class=\"wp-block-group has-border-color has-white-background-color has-background is-vertical is-layout-flex wp-container-core-group-is-layout-5b5c9450 wp-block-group-is-layout-flex\" style=\"border-color:#01410080;border-width:2px;padding-top:0;padding-right:0;padding-bottom:0;padding-left:0\">\n<figure class=\"wp-block-image size-full\"><a href=\"https:\/\/www.rybnikmedercina.sk\" target=\"_blank\" rel=\"noreferrer noopener\"><img loading=\"lazy\" decoding=\"async\" width=\"2560\" height=\"1709\" src=\"https:\/\/lokotransslovakia.sk\/wp-content\/uploads\/gastrofest.jpg\" alt=\"\" class=\"wp-image-559\" style=\"aspect-ratio:16\/9;object-fit:cover\" srcset=\"https:\/\/lokotransslovakia.sk\/wp-content\/uploads\/gastrofest.jpg 2560w, https:\/\/lokotransslovakia.sk\/wp-content\/uploads\/gastrofest-300x200.jpg 300w, https:\/\/lokotransslovakia.sk\/wp-content\/uploads\/gastrofest-1024x684.jpg 1024w, https:\/\/lokotransslovakia.sk\/wp-content\/uploads\/gastrofest-768x513.jpg 768w, https:\/\/lokotransslovakia.sk\/wp-content\/uploads\/gastrofest-1536x1025.jpg 1536w, https:\/\/lokotransslovakia.sk\/wp-content\/uploads\/gastrofest-2048x1367.jpg 2048w\" sizes=\"auto, (max-width: 2560px) 100vw, 2560px\" \/><\/a><\/figure>\n\n\n\n<p class=\"has-medium-font-size\" style=\"padding-top:var(--wp--preset--spacing--20);padding-right:var(--wp--preset--spacing--20);padding-bottom:var(--wp--preset--spacing--20);padding-left:var(--wp--preset--spacing--20)\"><a href=\"https:\/\/www.rybnikmedercina.sk\" target=\"_blank\" rel=\"noreferrer noopener\">Gastrofestival on the Meder\u010dina pond<\/a><\/p>\n<\/div>\n\n\n\n<div class=\"wp-block-group has-border-color has-white-background-color has-background is-vertical is-layout-flex wp-container-core-group-is-layout-5b5c9450 wp-block-group-is-layout-flex\" style=\"border-color:#01410080;border-width:2px;padding-top:0;padding-right:0;padding-bottom:0;padding-left:0\">\n<figure class=\"wp-block-image size-full\"><a href=\"https:\/\/www.dobrenoviny.sk\/c\/208113\/sto-prikladov-vypocita-za-menej-ako-styri-minuty-matematicka-zo-samorina-vo-svete-opat-nenasla-premozitela\" target=\"_blank\" rel=\"noreferrer noopener\"><img loading=\"lazy\" decoding=\"async\" width=\"1200\" height=\"628\" src=\"https:\/\/lokotransslovakia.sk\/wp-content\/uploads\/rebecca-meszaros.jpg\" alt=\"\" class=\"wp-image-561\" style=\"aspect-ratio:16\/9;object-fit:cover\" srcset=\"https:\/\/lokotransslovakia.sk\/wp-content\/uploads\/rebecca-meszaros.jpg 1200w, https:\/\/lokotransslovakia.sk\/wp-content\/uploads\/rebecca-meszaros-300x157.jpg 300w, https:\/\/lokotransslovakia.sk\/wp-content\/uploads\/rebecca-meszaros-1024x536.jpg 1024w, https:\/\/lokotransslovakia.sk\/wp-content\/uploads\/rebecca-meszaros-768x402.jpg 768w\" sizes=\"auto, (max-width: 1200px) 100vw, 1200px\" \/><\/a><\/figure>\n\n\n\n<p class=\"has-medium-font-size\" style=\"padding-top:var(--wp--preset--spacing--20);padding-right:var(--wp--preset--spacing--20);padding-bottom:var(--wp--preset--spacing--20);padding-left:var(--wp--preset--spacing--20)\"><a href=\"https:\/\/www.rybnikmedercina.sk\" target=\"_blank\" rel=\"noreferrer noopener\">Rebecca Meszaros &#8211; champion in mental arithmetic<\/a><\/p>\n<\/div>\n\n\n\n<div class=\"wp-block-group has-border-color has-white-background-color has-background is-vertical is-layout-flex wp-container-core-group-is-layout-5b5c9450 wp-block-group-is-layout-flex\" style=\"border-color:#01410080;border-width:2px;padding-top:0;padding-right:0;padding-bottom:0;padding-left:0\">\n<figure class=\"wp-block-image size-full\"><img loading=\"lazy\" decoding=\"async\" width=\"2035\" height=\"1437\" src=\"https:\/\/lokotransslovakia.sk\/wp-content\/uploads\/sportovy-sachovy-klub.jpg\" alt=\"\" class=\"wp-image-563\" style=\"aspect-ratio:16\/9;object-fit:cover\" srcset=\"https:\/\/lokotransslovakia.sk\/wp-content\/uploads\/sportovy-sachovy-klub.jpg 2035w, https:\/\/lokotransslovakia.sk\/wp-content\/uploads\/sportovy-sachovy-klub-300x212.jpg 300w, https:\/\/lokotransslovakia.sk\/wp-content\/uploads\/sportovy-sachovy-klub-1024x723.jpg 1024w, https:\/\/lokotransslovakia.sk\/wp-content\/uploads\/sportovy-sachovy-klub-768x542.jpg 768w, https:\/\/lokotransslovakia.sk\/wp-content\/uploads\/sportovy-sachovy-klub-1536x1085.jpg 1536w\" sizes=\"auto, (max-width: 2035px) 100vw, 2035px\" \/><\/figure>\n\n\n\n<p class=\"has-medium-font-size\" style=\"padding-top:var(--wp--preset--spacing--20);padding-right:var(--wp--preset--spacing--20);padding-bottom:var(--wp--preset--spacing--20);padding-left:var(--wp--preset--spacing--20)\">Sport Chess Club \u0160urany<\/p>\n<\/div>\n\n\n\n<div class=\"wp-block-group has-border-color has-white-background-color has-background is-vertical is-layout-flex wp-container-core-group-is-layout-5b5c9450 wp-block-group-is-layout-flex\" style=\"border-color:#01410080;border-width:2px;padding-top:0;padding-right:0;padding-bottom:0;padding-left:0\">\n<figure class=\"wp-block-image size-full\"><img loading=\"lazy\" decoding=\"async\" width=\"2048\" height=\"1366\" src=\"https:\/\/lokotransslovakia.sk\/wp-content\/uploads\/sk-surany.jpg\" alt=\"\" class=\"wp-image-564\" style=\"aspect-ratio:16\/9;object-fit:cover\" srcset=\"https:\/\/lokotransslovakia.sk\/wp-content\/uploads\/sk-surany.jpg 2048w, https:\/\/lokotransslovakia.sk\/wp-content\/uploads\/sk-surany-300x200.jpg 300w, https:\/\/lokotransslovakia.sk\/wp-content\/uploads\/sk-surany-1024x683.jpg 1024w, https:\/\/lokotransslovakia.sk\/wp-content\/uploads\/sk-surany-768x512.jpg 768w, https:\/\/lokotransslovakia.sk\/wp-content\/uploads\/sk-surany-1536x1025.jpg 1536w\" sizes=\"auto, (max-width: 2048px) 100vw, 2048px\" \/><\/figure>\n\n\n\n<p class=\"has-medium-font-size\" style=\"padding-top:var(--wp--preset--spacing--20);padding-right:var(--wp--preset--spacing--20);padding-bottom:var(--wp--preset--spacing--20);padding-left:var(--wp--preset--spacing--20)\">Development of children&#8217;s and youth sport<\/p>\n<\/div>\n\n\n\n<div class=\"wp-block-group has-border-color has-white-background-color has-background is-vertical is-layout-flex wp-container-core-group-is-layout-5b5c9450 wp-block-group-is-layout-flex\" style=\"border-color:#01410080;border-width:2px;padding-top:0;padding-right:0;padding-bottom:0;padding-left:0\">\n<figure class=\"wp-block-image size-full\"><img loading=\"lazy\" decoding=\"async\" width=\"1920\" height=\"1280\" src=\"https:\/\/lokotransslovakia.sk\/wp-content\/uploads\/vystava-vin.jpg\" alt=\"\" class=\"wp-image-565\" style=\"aspect-ratio:16\/9;object-fit:cover\" srcset=\"https:\/\/lokotransslovakia.sk\/wp-content\/uploads\/vystava-vin.jpg 1920w, https:\/\/lokotransslovakia.sk\/wp-content\/uploads\/vystava-vin-300x200.jpg 300w, https:\/\/lokotransslovakia.sk\/wp-content\/uploads\/vystava-vin-1024x683.jpg 1024w, https:\/\/lokotransslovakia.sk\/wp-content\/uploads\/vystava-vin-768x512.jpg 768w, https:\/\/lokotransslovakia.sk\/wp-content\/uploads\/vystava-vin-1536x1024.jpg 1536w\" sizes=\"auto, (max-width: 1920px) 100vw, 1920px\" \/><\/figure>\n\n\n\n<p class=\"has-medium-font-size\" style=\"padding-top:var(--wp--preset--spacing--20);padding-right:var(--wp--preset--spacing--20);padding-bottom:var(--wp--preset--spacing--20);padding-left:var(--wp--preset--spacing--20)\">Po\u017eitava Wine Exhibition 2023<\/p>\n<\/div>\n\n\n\n<div class=\"wp-block-group has-border-color has-white-background-color has-background is-vertical is-layout-flex wp-container-core-group-is-layout-c6d97fcc wp-block-group-is-layout-flex\" style=\"border-color:#01410080;border-width:2px;padding-top:0;padding-right:0;padding-bottom:0;padding-left:0\">\n<p class=\"has-medium-font-size\" style=\"padding-top:var(--wp--preset--spacing--20);padding-right:var(--wp--preset--spacing--20);padding-bottom:0;padding-left:var(--wp--preset--spacing--20)\">+ others, such as<\/p>\n\n\n\n<p class=\"has-medium-font-size\" style=\"padding-top:0;padding-right:var(--wp--preset--spacing--20);padding-bottom:0;padding-left:var(--wp--preset--spacing--20)\">Department of Urology,<br\/>Trnava Hospital<\/p>\n\n\n\n<p class=\"has-medium-font-size\" style=\"padding-top:0;padding-right:var(--wp--preset--spacing--20);padding-bottom:var(--wp--preset--spacing--20);padding-left:var(--wp--preset--spacing--20)\">Other medical facilities in Nov\u00e9 Z\u00e1mky and Bratislava<\/p>\n<\/div>\n<\/div>\n<\/div>\n","protected":false},"excerpt":{"rendered":"<p>At LOKO TRANS Slovakia, we are proud to support initiatives that reflect our values and truly change the world for the better. Children&#8217;s day sanatorium Slne\u010dn\u00fd L\u00fa\u010d, Trnava Internal and orthopaedic department of the private clinic MEDICAN Horse racing in \u0160urany \u0160urianska desiatka Footgolf &#8211; Andrej Ivan and Marek Vittek Musical evenings in \u017dofia caf\u00e9 [&hellip;]<\/p>\n","protected":false},"author":2,"featured_media":0,"parent":1773,"menu_order":4,"comment_status":"closed","ping_status":"closed","template":"page-with-green-header","meta":{"_hide_from_menu":false,"footnotes":""},"class_list":["post-1778","page","type-page","status-publish","hentry"],"jetpack_sharing_enabled":true,"_links":{"self":[{"href":"https:\/\/lokotransslovakia.sk\/en\/wp-json\/wp\/v2\/pages\/1778","targetHints":{"allow":["GET"]}}],"collection":[{"href":"https:\/\/lokotransslovakia.sk\/en\/wp-json\/wp\/v2\/pages"}],"about":[{"href":"https:\/\/lokotransslovakia.sk\/en\/wp-json\/wp\/v2\/types\/page"}],"author":[{"embeddable":true,"href":"https:\/\/lokotransslovakia.sk\/en\/wp-json\/wp\/v2\/users\/2"}],"replies":[{"embeddable":true,"href":"https:\/\/lokotransslovakia.sk\/en\/wp-json\/wp\/v2\/comments?post=1778"}],"version-history":[{"count":2,"href":"https:\/\/lokotransslovakia.sk\/en\/wp-json\/wp\/v2\/pages\/1778\/revisions"}],"predecessor-version":[{"id":2239,"href":"https:\/\/lokotransslovakia.sk\/en\/wp-json\/wp\/v2\/pages\/1778\/revisions\/2239"}],"up":[{"embeddable":true,"href":"https:\/\/lokotransslovakia.sk\/en\/wp-json\/wp\/v2\/pages\/1773"}],"wp:attachment":[{"href":"https:\/\/lokotransslovakia.sk\/en\/wp-json\/wp\/v2\/media?parent=1778"}],"curies":[{"name":"wp","href":"https:\/\/api.w.org\/{rel}","templated":true}]}}