{"id":2427,"date":"2025-01-21T20:09:29","date_gmt":"2025-01-21T19:09:29","guid":{"rendered":"https:\/\/lokotransslovakia.sk\/dienstleistungen\/wartung-und-reparatur-von-kesselwagen\/"},"modified":"2025-02-13T01:20:04","modified_gmt":"2025-02-13T00:20:04","slug":"wartung-und-reparatur-von-kesselwagen","status":"publish","type":"page","link":"https:\/\/lokotransslovakia.sk\/de\/dienstleistungen\/wartung-und-reparatur-von-kesselwagen\/","title":{"rendered":"Wartung und Reparatur von Kesselwagen"},"content":{"rendered":"\n<section class=\"wp-block-group has-lightgreen-background-color has-background has-global-padding is-layout-constrained wp-container-core-group-is-layout-9939390b wp-block-group-is-layout-constrained\" style=\"margin-top:0;margin-bottom:0;padding-top:0;padding-right:var(--wp--preset--spacing--20);padding-bottom:0;padding-left:var(--wp--preset--spacing--20)\">\n<p class=\"has-darkgreen-color has-text-color has-link-color has-medium-font-size wp-elements-a096eef3b6c45cf355dfff5236a83ce7\">Unser Standort ist auf die Wartung und Reparatur von Kesselwagen f\u00fcr den Transport von Mineral\u00f6len und deren Derivaten spezialisiert.<\/p>\n\n\n\n<div class=\"wp-block-group is-nowrap is-layout-flex wp-container-core-group-is-layout-bb225a8b wp-block-group-is-layout-flex\" style=\"padding-top:var(--wp--preset--spacing--20)\">\n<div class=\"wp-block-buttons is-layout-flex wp-block-buttons-is-layout-flex\">\n<div class=\"wp-block-button\"><a class=\"wp-block-button__link has-lightgreen-color has-darkgreen-background-color has-text-color has-background has-link-color wp-element-button\" href=\"\/wp-content\/uploads\/wartung-und-reparatur-von-kesselwagen.pdf\" target=\"_blank\" rel=\"noreferrer noopener\">Anzeigen<\/a><\/div>\n<\/div>\n\n\n\n<div class=\"wp-block-group has-darkpurple-color has-white-background-color has-text-color has-background has-link-color has-small-font-size wp-elements-dee1c4388adab03133f018c09838da69 is-nowrap is-layout-flex wp-container-core-group-is-layout-0cd4570c wp-block-group-is-layout-flex\" style=\"border-style:none;border-width:0px;border-radius:10px;padding-top:4px;padding-right:8px;padding-bottom:4px;padding-left:8px\">\n<pre class=\"wp-block-preformatted\">PDF<\/pre>\n<\/div>\n<\/div>\n<\/section>\n\n<section class=\"wp-block-group has-lightgreen-background-color has-background has-global-padding is-layout-constrained wp-container-core-group-is-layout-dd88a448 wp-block-group-is-layout-constrained\" style=\"margin-top:0;margin-bottom:0;padding-top:var(--wp--preset--spacing--40);padding-right:var(--wp--preset--spacing--20);padding-bottom:var(--wp--preset--spacing--40);padding-left:var(--wp--preset--spacing--20)\">\n<div class=\"wp-block-group is-layout-grid wp-container-core-group-is-layout-2dc17c27 wp-block-group-is-layout-grid\" style=\"margin-top:0;margin-bottom:0;padding-top:0;padding-right:0;padding-bottom:0;padding-left:0\">\n<div class=\"wp-block-group has-border-color has-background is-vertical is-content-justification-stretch is-layout-flex wp-container-core-group-is-layout-f56ee3e0 wp-block-group-is-layout-flex\" style=\"border-color:#00424040;border-width:2px;background-color:#0000000f;min-height:250px;margin-top:0;margin-bottom:0;padding-top:0;padding-right:0;padding-bottom:0;padding-left:0;background-image:url(&apos;https:\/\/lokotransslovakia.sk\/wp-content\/uploads\/cisterna-1-scaled.jpg&apos;);background-position:52% 72%;background-size:cover;\"><\/div>\n\n\n\n<div class=\"wp-block-group has-border-color has-background wp-container-content-9df8e368 is-vertical is-content-justification-stretch is-layout-flex wp-container-core-group-is-layout-f56ee3e0 wp-block-group-is-layout-flex\" style=\"border-color:#00424040;border-width:2px;background-color:#0000000f;min-height:250px;margin-top:0;margin-bottom:0;padding-top:0;padding-right:0;padding-bottom:0;padding-left:0;background-image:url(&apos;https:\/\/lokotransslovakia.sk\/wp-content\/uploads\/clanok-cisterna-scaled.jpg&apos;);background-position:72% 44%;background-size:cover;\"><\/div>\n\n\n\n<div class=\"wp-block-group has-border-color has-background wp-container-content-9df8e368 is-vertical is-content-justification-stretch is-layout-flex wp-container-core-group-is-layout-f56ee3e0 wp-block-group-is-layout-flex\" style=\"border-color:#00424040;border-width:2px;background-color:#0000000f;min-height:250px;margin-top:0;margin-bottom:0;padding-top:0;padding-right:0;padding-bottom:0;padding-left:0;background-image:url(&apos;https:\/\/lokotransslovakia.sk\/wp-content\/uploads\/clanok-pracovisko-scaled.jpg&apos;);background-position:45% 100%;background-size:cover;\"><\/div>\n<\/div>\n<\/section>\n\n<section class=\"wp-block-group has-global-padding is-layout-constrained wp-container-core-group-is-layout-d7c3efb1 wp-block-group-is-layout-constrained\" style=\"margin-top:0;margin-bottom:0;padding-top:var(--wp--preset--spacing--20);padding-bottom:0\">\n<h4 class=\"wp-block-heading\" style=\"padding-bottom:0\">Angebotene Dienstleistungen<\/h4>\n\n\n\n<ul style=\"padding-top:var(--wp--preset--spacing--20);padding-bottom:var(--wp--preset--spacing--40)\" class=\"wp-block-list\">\n<li>Reparaturen und Erneuerungen von Beschriftungen auf Kesselwagen.<\/li>\n\n\n\n<li>Beschaffung von Ersatzteilen und Materialien, die f\u00fcr Reparaturen erforderlich sind.<\/li>\n\n\n\n<li>Periodische \u00dcberpr\u00fcfungen und Druckpr\u00fcfungen gem\u00e4\u00df den geltenden Vorschriften.<\/li>\n<\/ul>\n<\/section>\n\n<div class=\"wp-block-group has-global-padding is-layout-constrained wp-container-core-group-is-layout-4e05d5ec wp-block-group-is-layout-constrained\" style=\"margin-top:0;margin-bottom:0;padding-right:var(--wp--preset--spacing--20);padding-left:var(--wp--preset--spacing--20)\">\n<div class=\"wp-block-group has-white-color has-darkgrey-background-color has-text-color has-background has-link-color wp-elements-05ec83c24a6d40aae16e68cfb80e192b is-vertical is-layout-flex wp-container-core-group-is-layout-5699ed60 wp-block-group-is-layout-flex\" style=\"margin-top:0;margin-bottom:var(--wp--preset--spacing--20);padding-top:var(--wp--preset--spacing--30);padding-right:var(--wp--preset--spacing--30);padding-bottom:var(--wp--preset--spacing--30);padding-left:var(--wp--preset--spacing--30)\">\n<h5 class=\"wp-block-heading\" style=\"padding-top:0;padding-bottom:0\">Unser Arbeitsplatz ist mit modernen Technologien ausgestattet, um hohe Qualit\u00e4t und Effizienz bei Reparaturen sicherzustellen:<\/h5>\n\n\n\n<p><strong>Eine Umf\u00fcllanlage<\/strong> mit einer Leistung von 110 m\u00b3\/h und einem mehrstufigen Schutzsystem.<\/p>\n\n\n\n<p>Das aktuelle Volumen des Pr\u00fcfmediums betr\u00e4gt 95 m\u00b3, mit der Planung, es auf 200 m\u00b3 zu erweitern, um die Reparaturkapazit\u00e4t zu erh\u00f6hen.<\/p>\n\n\n\n<p><strong>Steuerungssoftware<\/strong>:<\/p>\n\n\n\n<ul class=\"wp-block-list\">\n<li><span style=\"font-size: revert; font-family: var(--wp--preset--font-family--inter);\">Verfolgung aktueller Daten.<\/span><\/li>\n\n\n\n<li><span style=\"font-size: revert; font-family: var(--wp--preset--font-family--inter);\">Anzeigen des Status mittels Lichtsignalen.<\/span><\/li>\n\n\n\n<li><span style=\"font-size: revert; font-family: var(--wp--preset--font-family--inter);\">Einstellung des Volumens des umgepumpten Mediums.<\/span><\/li>\n\n\n\n<li>Fernbedienung mit Zwei-Hand-Bedienung und Absturzsicherung.<\/li>\n<\/ul>\n\n\n\n<p><strong>Eine Pr\u00fcfstation f\u00fcr Vakuum- und Drucktests<\/strong> mit einem Steuerpanel zur Erfassung der Unter- und \u00dcberdruckwerte vor und nach der Reparatur von Armaturen und Ventilen. Das System bietet eine automatische Auswertung und erstellt Protokolle in elektronischer Form. <\/p>\n\n\n\n<p><strong>Druckluftquelle<\/strong> mit einem maximalen Druck von 7 bar zur Durchf\u00fchrung von Dichtheitspr\u00fcfungen.<\/p>\n<\/div>\n\n\n\n<div class=\"wp-block-group has-darkorange-color has-lightorange-background-color has-text-color has-background has-link-color wp-elements-bbd209171eec3e428f9585f9c2c0819f is-vertical is-content-justification-left is-layout-flex wp-container-core-group-is-layout-51fdbcfd wp-block-group-is-layout-flex\" style=\"margin-top:0;margin-bottom:0;padding-top:var(--wp--preset--spacing--30);padding-right:var(--wp--preset--spacing--30);padding-bottom:var(--wp--preset--spacing--30);padding-left:var(--wp--preset--spacing--30)\">\n<h5 class=\"wp-block-heading\" style=\"padding-top:0;padding-bottom:0\">Wartungs- und Reparaturarbeiten f\u00fchren wir auf Grundlage g\u00fcltiger Berechtigungen und Zertifikate durch:<\/h5>\n\n\n\n<p><strong>Konformit\u00e4tsbescheinigung f\u00fcr die Instandhaltungsfunktionen ECM F4<\/strong> \u2013 umfasst auch spezialisierte Wagen f\u00fcr den Transport gef\u00e4hrlicher G\u00fcter.<\/p>\n\n\n\n<p><strong>Genehmigung des Verkehrsamts der Slowakischen Republik<\/strong> f\u00fcr die Montage, Reparatur, Wartung, Rekonstruktion, \u00dcberpr\u00fcfung und Pr\u00fcfung bestimmter drucktechnischer Einrichtungen.<\/p>\n\n\n\n<p><strong>Konformit\u00e4tsbescheinigung gem\u00e4\u00df EN 14025:2018 +AC:2020 und RID:2023, Kapitel 6.8.2.1.23. <\/strong> f\u00fcr das Schwei\u00dfen von Druckbeh\u00e4ltern (nur Schwarzstahl) im Umfang von WPQR.<\/p>\n\n\n\n<p><strong>Ein Zertifikat der VPI<\/strong> f\u00fcr die Wartung von Kesselwagen f\u00fcr den Transport von Mineral\u00f6len und deren Derivaten.<\/p>\n<\/div>\n<\/div>\n\n<div class=\"wp-block-group has-global-padding is-layout-constrained wp-block-group-is-layout-constrained\" style=\"margin-top:0;margin-bottom:0;padding-top:0;padding-bottom:0\">\n<div class=\"wp-block-group has-lightorange-background-color has-background is-layout-grid wp-container-core-group-is-layout-c4a0fbf1 wp-block-group-is-layout-grid\" style=\"padding-top:var(--wp--preset--spacing--20);padding-right:var(--wp--preset--spacing--30);padding-bottom:var(--wp--preset--spacing--40);padding-left:var(--wp--preset--spacing--30)\">\n<figure data-wp-context=\"{&quot;imageId&quot;:&quot;69f50009b206d&quot;}\" data-wp-interactive=\"core\/image\" data-wp-key=\"69f50009b206d\" class=\"wp-block-image size-medium has-custom-border wp-lightbox-container\"><img loading=\"lazy\" decoding=\"async\" width=\"212\" height=\"300\" data-wp-class--hide=\"state.isContentHidden\" data-wp-class--show=\"state.isContentVisible\" data-wp-init=\"callbacks.setButtonStyles\" data-wp-on--click=\"actions.showLightbox\" data-wp-on--load=\"callbacks.setButtonStyles\" data-wp-on-window--resize=\"callbacks.setButtonStyles\" src=\"https:\/\/lokotransslovakia.sk\/wp-content\/uploads\/certifikat-tuv-thuringen-212x300.png\" alt=\"\" class=\"has-border-color has-lightgrey-border-color wp-image-2452\" style=\"border-width:2px;object-fit:cover\" srcset=\"https:\/\/lokotransslovakia.sk\/wp-content\/uploads\/certifikat-tuv-thuringen-212x300.png 212w, https:\/\/lokotransslovakia.sk\/wp-content\/uploads\/certifikat-tuv-thuringen-723x1024.png 723w, https:\/\/lokotransslovakia.sk\/wp-content\/uploads\/certifikat-tuv-thuringen-768x1087.png 768w, https:\/\/lokotransslovakia.sk\/wp-content\/uploads\/certifikat-tuv-thuringen-1085x1536.png 1085w, https:\/\/lokotransslovakia.sk\/wp-content\/uploads\/certifikat-tuv-thuringen.png 1362w\" sizes=\"auto, (max-width: 212px) 100vw, 212px\" \/><button\n\t\t\tclass=\"lightbox-trigger\"\n\t\t\ttype=\"button\"\n\t\t\taria-haspopup=\"dialog\"\n\t\t\taria-label=\"Vergr\u00f6\u00dfern\"\n\t\t\tdata-wp-init=\"callbacks.initTriggerButton\"\n\t\t\tdata-wp-on--click=\"actions.showLightbox\"\n\t\t\tdata-wp-style--right=\"state.imageButtonRight\"\n\t\t\tdata-wp-style--top=\"state.imageButtonTop\"\n\t\t>\n\t\t\t<svg xmlns=\"http:\/\/www.w3.org\/2000\/svg\" width=\"12\" height=\"12\" fill=\"none\" viewBox=\"0 0 12 12\">\n\t\t\t\t<path fill=\"#fff\" d=\"M2 0a2 2 0 0 0-2 2v2h1.5V2a.5.5 0 0 1 .5-.5h2V0H2Zm2 10.5H2a.5.5 0 0 1-.5-.5V8H0v2a2 2 0 0 0 2 2h2v-1.5ZM8 12v-1.5h2a.5.5 0 0 0 .5-.5V8H12v2a2 2 0 0 1-2 2H8Zm2-12a2 2 0 0 1 2 2v2h-1.5V2a.5.5 0 0 0-.5-.5H8V0h2Z\" \/>\n\t\t\t<\/svg>\n\t\t<\/button><\/figure>\n\n\n\n<figure data-wp-context=\"{&quot;imageId&quot;:&quot;69f50009b29e4&quot;}\" data-wp-interactive=\"core\/image\" data-wp-key=\"69f50009b29e4\" class=\"wp-block-image size-medium has-custom-border wp-lightbox-container\"><img loading=\"lazy\" decoding=\"async\" width=\"212\" height=\"300\" data-wp-class--hide=\"state.isContentHidden\" data-wp-class--show=\"state.isContentVisible\" data-wp-init=\"callbacks.setButtonStyles\" data-wp-on--click=\"actions.showLightbox\" data-wp-on--load=\"callbacks.setButtonStyles\" data-wp-on-window--resize=\"callbacks.setButtonStyles\" src=\"https:\/\/lokotransslovakia.sk\/wp-content\/uploads\/certifikat-tlakove-zariadenia-212x300.png\" alt=\"\" class=\"has-border-color has-lightgrey-border-color wp-image-2472\" style=\"border-width:2px\" srcset=\"https:\/\/lokotransslovakia.sk\/wp-content\/uploads\/certifikat-tlakove-zariadenia-212x300.png 212w, https:\/\/lokotransslovakia.sk\/wp-content\/uploads\/certifikat-tlakove-zariadenia-723x1024.png 723w, https:\/\/lokotransslovakia.sk\/wp-content\/uploads\/certifikat-tlakove-zariadenia-768x1087.png 768w, https:\/\/lokotransslovakia.sk\/wp-content\/uploads\/certifikat-tlakove-zariadenia-1085x1536.png 1085w, https:\/\/lokotransslovakia.sk\/wp-content\/uploads\/certifikat-tlakove-zariadenia.png 1362w\" sizes=\"auto, (max-width: 212px) 100vw, 212px\" \/><button\n\t\t\tclass=\"lightbox-trigger\"\n\t\t\ttype=\"button\"\n\t\t\taria-haspopup=\"dialog\"\n\t\t\taria-label=\"Vergr\u00f6\u00dfern\"\n\t\t\tdata-wp-init=\"callbacks.initTriggerButton\"\n\t\t\tdata-wp-on--click=\"actions.showLightbox\"\n\t\t\tdata-wp-style--right=\"state.imageButtonRight\"\n\t\t\tdata-wp-style--top=\"state.imageButtonTop\"\n\t\t>\n\t\t\t<svg xmlns=\"http:\/\/www.w3.org\/2000\/svg\" width=\"12\" height=\"12\" fill=\"none\" viewBox=\"0 0 12 12\">\n\t\t\t\t<path fill=\"#fff\" d=\"M2 0a2 2 0 0 0-2 2v2h1.5V2a.5.5 0 0 1 .5-.5h2V0H2Zm2 10.5H2a.5.5 0 0 1-.5-.5V8H0v2a2 2 0 0 0 2 2h2v-1.5ZM8 12v-1.5h2a.5.5 0 0 0 .5-.5V8H12v2a2 2 0 0 1-2 2H8Zm2-12a2 2 0 0 1 2 2v2h-1.5V2a.5.5 0 0 0-.5-.5H8V0h2Z\" \/>\n\t\t\t<\/svg>\n\t\t<\/button><\/figure>\n\n\n\n<figure data-wp-context=\"{&quot;imageId&quot;:&quot;69f50009b3122&quot;}\" data-wp-interactive=\"core\/image\" data-wp-key=\"69f50009b3122\" class=\"wp-block-image size-medium has-custom-border wp-lightbox-container\"><img loading=\"lazy\" decoding=\"async\" width=\"212\" height=\"300\" data-wp-class--hide=\"state.isContentHidden\" data-wp-class--show=\"state.isContentVisible\" data-wp-init=\"callbacks.setButtonStyles\" data-wp-on--click=\"actions.showLightbox\" data-wp-on--load=\"callbacks.setButtonStyles\" data-wp-on-window--resize=\"callbacks.setButtonStyles\" src=\"https:\/\/lokotransslovakia.sk\/wp-content\/uploads\/certifikat-viacare-212x300.png\" alt=\"\" class=\"has-border-color wp-image-2475\" style=\"border-color:#F5F5F5;border-width:2px\" srcset=\"https:\/\/lokotransslovakia.sk\/wp-content\/uploads\/certifikat-viacare-212x300.png 212w, https:\/\/lokotransslovakia.sk\/wp-content\/uploads\/certifikat-viacare-723x1024.png 723w, https:\/\/lokotransslovakia.sk\/wp-content\/uploads\/certifikat-viacare-768x1087.png 768w, https:\/\/lokotransslovakia.sk\/wp-content\/uploads\/certifikat-viacare-1085x1536.png 1085w, https:\/\/lokotransslovakia.sk\/wp-content\/uploads\/certifikat-viacare.png 1362w\" sizes=\"auto, (max-width: 212px) 100vw, 212px\" \/><button\n\t\t\tclass=\"lightbox-trigger\"\n\t\t\ttype=\"button\"\n\t\t\taria-haspopup=\"dialog\"\n\t\t\taria-label=\"Vergr\u00f6\u00dfern\"\n\t\t\tdata-wp-init=\"callbacks.initTriggerButton\"\n\t\t\tdata-wp-on--click=\"actions.showLightbox\"\n\t\t\tdata-wp-style--right=\"state.imageButtonRight\"\n\t\t\tdata-wp-style--top=\"state.imageButtonTop\"\n\t\t>\n\t\t\t<svg xmlns=\"http:\/\/www.w3.org\/2000\/svg\" width=\"12\" height=\"12\" fill=\"none\" viewBox=\"0 0 12 12\">\n\t\t\t\t<path fill=\"#fff\" d=\"M2 0a2 2 0 0 0-2 2v2h1.5V2a.5.5 0 0 1 .5-.5h2V0H2Zm2 10.5H2a.5.5 0 0 1-.5-.5V8H0v2a2 2 0 0 0 2 2h2v-1.5ZM8 12v-1.5h2a.5.5 0 0 0 .5-.5V8H12v2a2 2 0 0 1-2 2H8Zm2-12a2 2 0 0 1 2 2v2h-1.5V2a.5.5 0 0 0-.5-.5H8V0h2Z\" \/>\n\t\t\t<\/svg>\n\t\t<\/button><\/figure>\n\n\n\n<figure data-wp-context=\"{&quot;imageId&quot;:&quot;69f50009b3913&quot;}\" data-wp-interactive=\"core\/image\" data-wp-key=\"69f50009b3913\" class=\"wp-block-image size-medium has-custom-border wp-lightbox-container\"><img loading=\"lazy\" decoding=\"async\" width=\"212\" height=\"300\" data-wp-class--hide=\"state.isContentHidden\" data-wp-class--show=\"state.isContentVisible\" data-wp-init=\"callbacks.setButtonStyles\" data-wp-on--click=\"actions.showLightbox\" data-wp-on--load=\"callbacks.setButtonStyles\" data-wp-on-window--resize=\"callbacks.setButtonStyles\" src=\"https:\/\/lokotransslovakia.sk\/wp-content\/uploads\/kompetenzbestatigung-212x300.png\" alt=\"\" class=\"has-border-color wp-image-2828\" style=\"border-color:#F5F5F5;border-width:2px\" srcset=\"https:\/\/lokotransslovakia.sk\/wp-content\/uploads\/kompetenzbestatigung-212x300.png 212w, https:\/\/lokotransslovakia.sk\/wp-content\/uploads\/kompetenzbestatigung-725x1024.png 725w, https:\/\/lokotransslovakia.sk\/wp-content\/uploads\/kompetenzbestatigung-768x1085.png 768w, https:\/\/lokotransslovakia.sk\/wp-content\/uploads\/kompetenzbestatigung-1087x1536.png 1087w, https:\/\/lokotransslovakia.sk\/wp-content\/uploads\/kompetenzbestatigung.png 1222w\" sizes=\"auto, (max-width: 212px) 100vw, 212px\" \/><button\n\t\t\tclass=\"lightbox-trigger\"\n\t\t\ttype=\"button\"\n\t\t\taria-haspopup=\"dialog\"\n\t\t\taria-label=\"Vergr\u00f6\u00dfern\"\n\t\t\tdata-wp-init=\"callbacks.initTriggerButton\"\n\t\t\tdata-wp-on--click=\"actions.showLightbox\"\n\t\t\tdata-wp-style--right=\"state.imageButtonRight\"\n\t\t\tdata-wp-style--top=\"state.imageButtonTop\"\n\t\t>\n\t\t\t<svg xmlns=\"http:\/\/www.w3.org\/2000\/svg\" width=\"12\" height=\"12\" fill=\"none\" viewBox=\"0 0 12 12\">\n\t\t\t\t<path fill=\"#fff\" d=\"M2 0a2 2 0 0 0-2 2v2h1.5V2a.5.5 0 0 1 .5-.5h2V0H2Zm2 10.5H2a.5.5 0 0 1-.5-.5V8H0v2a2 2 0 0 0 2 2h2v-1.5ZM8 12v-1.5h2a.5.5 0 0 0 .5-.5V8H12v2a2 2 0 0 1-2 2H8Zm2-12a2 2 0 0 1 2 2v2h-1.5V2a.5.5 0 0 0-.5-.5H8V0h2Z\" \/>\n\t\t\t<\/svg>\n\t\t<\/button><\/figure>\n<\/div>\n<\/div>\n\n<div class=\"wp-block-group has-global-padding is-layout-constrained wp-block-group-is-layout-constrained\">\n<div class=\"wp-block-buttons is-layout-flex wp-block-buttons-is-layout-flex\" style=\"margin-top:var(--wp--preset--spacing--40)\">\n<div class=\"wp-block-button is-style-small is-style-small--1\"><a class=\"wp-block-button__link wp-element-button\" href=\"https:\/\/lokotransslovakia.sk\/de\/dienstleistungen\/\">\u2190 Alle Dienstleistungen<\/a><\/div>\n<\/div>\n<\/div>\n","protected":false},"excerpt":{"rendered":"<p>Unser Standort ist auf die Wartung und Reparatur von Kesselwagen f\u00fcr den Transport von Mineral\u00f6len und deren Derivaten spezialisiert. PDF Angebotene Dienstleistungen Unser Arbeitsplatz ist mit modernen Technologien ausgestattet, um hohe Qualit\u00e4t und Effizienz bei Reparaturen sicherzustellen: Eine Umf\u00fcllanlage mit einer Leistung von 110 m\u00b3\/h und einem mehrstufigen Schutzsystem. Das aktuelle Volumen des Pr\u00fcfmediums betr\u00e4gt [&hellip;]<\/p>\n","protected":false},"author":2,"featured_media":0,"parent":1661,"menu_order":0,"comment_status":"closed","ping_status":"closed","template":"page-with-green-header","meta":{"_hide_from_menu":false,"footnotes":""},"class_list":["post-2427","page","type-page","status-publish","hentry"],"jetpack_sharing_enabled":true,"_links":{"self":[{"href":"https:\/\/lokotransslovakia.sk\/de\/wp-json\/wp\/v2\/pages\/2427","targetHints":{"allow":["GET"]}}],"collection":[{"href":"https:\/\/lokotransslovakia.sk\/de\/wp-json\/wp\/v2\/pages"}],"about":[{"href":"https:\/\/lokotransslovakia.sk\/de\/wp-json\/wp\/v2\/types\/page"}],"author":[{"embeddable":true,"href":"https:\/\/lokotransslovakia.sk\/de\/wp-json\/wp\/v2\/users\/2"}],"replies":[{"embeddable":true,"href":"https:\/\/lokotransslovakia.sk\/de\/wp-json\/wp\/v2\/comments?post=2427"}],"version-history":[{"count":6,"href":"https:\/\/lokotransslovakia.sk\/de\/wp-json\/wp\/v2\/pages\/2427\/revisions"}],"predecessor-version":[{"id":2836,"href":"https:\/\/lokotransslovakia.sk\/de\/wp-json\/wp\/v2\/pages\/2427\/revisions\/2836"}],"up":[{"embeddable":true,"href":"https:\/\/lokotransslovakia.sk\/de\/wp-json\/wp\/v2\/pages\/1661"}],"wp:attachment":[{"href":"https:\/\/lokotransslovakia.sk\/de\/wp-json\/wp\/v2\/media?parent=2427"}],"curies":[{"name":"wp","href":"https:\/\/api.w.org\/{rel}","templated":true}]}}