{"id":1704,"date":"2024-10-25T03:17:05","date_gmt":"2024-10-25T01:17:05","guid":{"rendered":"https:\/\/loko.skymove.sk\/dienstleistungen\/inspektionen-von-gueterwagen\/"},"modified":"2024-11-30T18:53:37","modified_gmt":"2024-11-30T17:53:37","slug":"inspektionen-von-gueterwagen","status":"publish","type":"page","link":"https:\/\/lokotransslovakia.sk\/de\/dienstleistungen\/inspektionen-von-gueterwagen\/","title":{"rendered":"Revisionen von G\u00fcterwagen"},"content":{"rendered":"\n<section class=\"wp-block-group has-lightgrey-background-color has-background has-global-padding is-layout-constrained wp-container-core-group-is-layout-4ad46173 wp-block-group-is-layout-constrained\" style=\"margin-top:0;margin-bottom:0;padding-top:0;padding-right:var(--wp--preset--spacing--20);padding-bottom:0;padding-left:var(--wp--preset--spacing--20)\">\n<h5 class=\"wp-block-heading\" style=\"padding-top:0\">Der Prozess der Inspektion von G\u00fcterwagen<\/h5>\n\n\n\n<p class=\"has-medium-font-size\" style=\"padding-bottom:var(--wp--preset--spacing--50)\">Bei LOKO TRANS Slovakia, s.r.o. verpflichten wir uns, die h\u00f6chste Servicequalit\u00e4t w\u00e4hrend der Durchf\u00fchrung von Inspektionen von G\u00fcterwagen gem\u00e4\u00df den Vorschriften S\u00daNV, KVs5B-2010 und VPI zu gew\u00e4hrleisten.\nUnser Inspektionsprozess ist so gestaltet, dass er die maximale Sicherheit, Zuverl\u00e4ssigkeit und Lebensdauer Ihrer G\u00fcterwagen gew\u00e4hrleistet. <\/p>\n<\/section>\n\n<div class=\"wp-block-group has-global-padding is-layout-constrained wp-block-group-is-layout-constrained has-background\" style=\"min-height:400px;margin-top:0;margin-bottom:0;background-image:url(&apos;https:\/\/lokotransslovakia.sk\/wp-content\/uploads\/revizie-vagonov-scaled.jpg&apos;);background-position:71% 69%;background-size:cover;\"><\/div>\n\n<section class=\"wp-block-group has-lightgrey-background-color has-background has-global-padding is-layout-constrained wp-container-core-group-is-layout-187d6611 wp-block-group-is-layout-constrained\" style=\"margin-top:0;margin-bottom:0;padding-top:var(--wp--preset--spacing--40);padding-right:var(--wp--preset--spacing--20);padding-bottom:var(--wp--preset--spacing--40);padding-left:var(--wp--preset--spacing--20)\">\n<div class=\"wp-block-group is-layout-grid wp-container-core-group-is-layout-9c2a6421 wp-block-group-is-layout-grid\" style=\"margin-top:0;margin-bottom:0;padding-top:0;padding-right:0;padding-bottom:0;padding-left:0\">\n<div class=\"wp-block-columns is-not-stacked-on-mobile has-white-background-color has-background is-layout-flex wp-container-core-columns-is-layout-62050d0a wp-block-columns-is-layout-flex\" style=\"margin-top:0;margin-bottom:0;padding-top:var(--wp--preset--spacing--30);padding-right:var(--wp--preset--spacing--30);padding-bottom:var(--wp--preset--spacing--30);padding-left:var(--wp--preset--spacing--30)\">\n<div class=\"wp-block-column is-vertically-aligned-top is-layout-flow wp-block-column-is-layout-flow\" style=\"flex-basis:86px\">\n<div class=\"wp-block-group has-darkred-color has-text-color has-background is-layout-grid wp-container-core-group-is-layout-1e73a8d0 wp-block-group-is-layout-grid\" style=\"border-radius:100px;background-color:#ff0008b0;padding-top:var(--wp--preset--spacing--20);padding-right:0;padding-bottom:var(--wp--preset--spacing--20);padding-left:0\">\n<p class=\"has-text-align-center has-subheading-font-size wp-container-content-e4b5e493\">1<\/p>\n<\/div>\n<\/div>\n\n\n\n<div class=\"wp-block-column has-darkgrey-color has-text-color has-link-color wp-elements-3345e32a3906d528b39d44a14d9bf271 is-layout-flow wp-block-column-is-layout-flow\">\n<div class=\"wp-block-group has-normal-font-size is-vertical is-layout-flex wp-container-core-group-is-layout-c010ec09 wp-block-group-is-layout-flex\">\n<h3 class=\"wp-block-heading has-text-align-left\" style=\"padding-top:0;padding-bottom:0;font-style:normal;font-weight:500\">Empfang und Eingangskontrolle<\/h3>\n\n\n\n<p class=\"has-text-align-left\" style=\"line-height:1.5\">Jeder Waggon, der in unseren Betrieb kommt, wird gr\u00fcndlich registriert und in das Wartungsverfolgungssystem aufgenommen.<\/p>\n\n\n\n<p style=\"line-height:1.5\">Unsere Techniker f\u00fchren eine Eingangskontrolle des Waggons durch, um alle offensichtlichen Besch\u00e4digungen oder Abnutzungen zu identifizieren.\nDiese Kontrolle umfasst die \u00dcberpr\u00fcfung der Rads\u00e4tze, Achsen, Fahrgestelle, Waggonaufbauten und Bremskomponenten. <\/p>\n<\/div>\n<\/div>\n<\/div>\n\n\n\n<div class=\"wp-block-columns is-not-stacked-on-mobile has-white-background-color has-background is-layout-flex wp-container-core-columns-is-layout-62050d0a wp-block-columns-is-layout-flex\" style=\"margin-top:0;margin-bottom:0;padding-top:var(--wp--preset--spacing--30);padding-right:var(--wp--preset--spacing--30);padding-bottom:var(--wp--preset--spacing--30);padding-left:var(--wp--preset--spacing--30)\">\n<div class=\"wp-block-column is-vertically-aligned-top is-layout-flow wp-block-column-is-layout-flow\" style=\"flex-basis:86px\">\n<div class=\"wp-block-group has-darkpurple-color has-text-color has-background is-layout-grid wp-container-core-group-is-layout-1e73a8d0 wp-block-group-is-layout-grid\" style=\"border-radius:100px;background-color:#9100ffb0;padding-top:var(--wp--preset--spacing--20);padding-right:0;padding-bottom:var(--wp--preset--spacing--20);padding-left:0\">\n<p class=\"has-text-align-center has-subheading-font-size wp-container-content-e4b5e493\">2<\/p>\n<\/div>\n<\/div>\n\n\n\n<div class=\"wp-block-column has-darkgrey-color has-text-color has-link-color wp-elements-7c4bef897b456135243775012ce97a2b is-layout-flow wp-block-column-is-layout-flow\">\n<div class=\"wp-block-group is-vertical is-layout-flex wp-container-core-group-is-layout-c010ec09 wp-block-group-is-layout-flex\">\n<h3 class=\"wp-block-heading has-text-align-left\" style=\"padding-top:0;padding-bottom:0;font-style:normal;font-weight:500\">Demontage und detaillierte Diagnose<\/h3>\n\n\n\n<p class=\"has-text-align-left\" style=\"line-height:1.5\">Der Waggon wird in seine einzelnen Komponenten zerlegt, was eine detaillierte \u00dcberpr\u00fcfung jedes Teils erm\u00f6glicht.<\/p>\n\n\n\n<p class=\"has-text-align-left\" style=\"line-height:1.5\">Wir verwenden fortschrittliche Diagnosewerkzeuge und -methoden, um den Zustand jeder Komponente zu bewerten.\nDies umfasst zerst\u00f6rungsfreie Pr\u00fcfungen, Ultraschalluntersuchungen, visuelle Inspektionen und weitere spezialisierte Techniken. <\/p>\n<\/div>\n<\/div>\n<\/div>\n\n\n\n<div class=\"wp-block-columns is-not-stacked-on-mobile has-white-background-color has-background is-layout-flex wp-container-core-columns-is-layout-62050d0a wp-block-columns-is-layout-flex\" style=\"margin-top:0;margin-bottom:0;padding-top:var(--wp--preset--spacing--30);padding-right:var(--wp--preset--spacing--30);padding-bottom:var(--wp--preset--spacing--30);padding-left:var(--wp--preset--spacing--30)\">\n<div class=\"wp-block-column is-vertically-aligned-top is-layout-flow wp-block-column-is-layout-flow\" style=\"flex-basis:86px\">\n<div class=\"wp-block-group has-darkcyan-color has-text-color has-background is-layout-grid wp-container-core-group-is-layout-1e73a8d0 wp-block-group-is-layout-grid\" style=\"border-radius:100px;background-color:#90dec9;padding-top:var(--wp--preset--spacing--20);padding-right:0;padding-bottom:var(--wp--preset--spacing--20);padding-left:0\">\n<p class=\"has-text-align-center has-subheading-font-size wp-container-content-e4b5e493\">3<\/p>\n<\/div>\n<\/div>\n\n\n\n<div class=\"wp-block-column has-darkgrey-color has-text-color has-link-color wp-elements-9e874b8c95e7219fee126da5d51553da is-layout-flow wp-block-column-is-layout-flow\">\n<div class=\"wp-block-group is-vertical is-layout-flex wp-container-core-group-is-layout-c010ec09 wp-block-group-is-layout-flex\">\n<h3 class=\"wp-block-heading has-text-align-left\" style=\"padding-top:0;padding-bottom:0;font-style:normal;font-weight:500\">Reparatur und Austausch von Komponenten<\/h3>\n\n\n\n<p class=\"has-text-align-left\" style=\"line-height:1.5\">Nach der Identifizierung besch\u00e4digter oder abgenutzter Teile f\u00fchren unsere Fachleute die erforderlichen Reparaturen durch.\nDies kann Schwei\u00dfen, Schleifen, \u00dcberholung und andere spezialisierte Reparaturen umfassen, wie die Reparatur von Bremsschiebern, Bremskomponenten, das Wiegen von Federn und Federbeinen oder die Reparatur von Fahrgestellen. <\/p>\n\n\n\n<p class=\"has-text-align-left\" style=\"line-height:1.5\">Wenn einige Teile nicht repariert werden k\u00f6nnen, ersetzen wir sie durch neue Teile gem\u00e4\u00df den Herstellerspezifikationen.<\/p>\n<\/div>\n<\/div>\n<\/div>\n\n\n\n<div class=\"wp-block-columns is-not-stacked-on-mobile has-white-background-color has-background is-layout-flex wp-container-core-columns-is-layout-62050d0a wp-block-columns-is-layout-flex\" style=\"margin-top:0;margin-bottom:0;padding-top:var(--wp--preset--spacing--30);padding-right:var(--wp--preset--spacing--30);padding-bottom:var(--wp--preset--spacing--30);padding-left:var(--wp--preset--spacing--30)\">\n<div class=\"wp-block-column is-vertically-aligned-top is-layout-flow wp-block-column-is-layout-flow\" style=\"flex-basis:86px\">\n<div class=\"wp-block-group has-darkcyan-color has-text-color has-background is-layout-grid wp-container-core-group-is-layout-1e73a8d0 wp-block-group-is-layout-grid\" style=\"border-radius:100px;background-color:#92de90;padding-top:var(--wp--preset--spacing--20);padding-right:0;padding-bottom:var(--wp--preset--spacing--20);padding-left:0\">\n<p class=\"has-text-align-center has-subheading-font-size wp-container-content-e4b5e493\">4<\/p>\n<\/div>\n<\/div>\n\n\n\n<div class=\"wp-block-column has-darkgrey-color has-text-color has-link-color wp-elements-8851ca14475645629fa37be67486c2c3 is-layout-flow wp-block-column-is-layout-flow\">\n<div class=\"wp-block-group is-vertical is-layout-flex wp-container-core-group-is-layout-c010ec09 wp-block-group-is-layout-flex\">\n<h3 class=\"wp-block-heading has-text-align-left\" style=\"padding-top:0;padding-bottom:0;font-style:normal;font-weight:500\">Montage und Fertigstellung<\/h3>\n\n\n\n<p class=\"has-text-align-left\" style=\"line-height:1.5\">Nach der Reparatur und dem Austausch der Komponenten werden alle Teile wieder zusammengebaut.\nUnsere Techniker stellen sicher, dass alle Teile korrekt montiert, \u00fcberpr\u00fcft und fehlerfrei funktionieren. <\/p>\n\n\n\n<p class=\"has-text-align-left\" style=\"line-height:1.5\">Wir f\u00fchren die Oberfl\u00e4chenbehandlung des Waggons gem\u00e4\u00df dem technologischen Verfahren durch und montieren anschlie\u00dfend den Waggon, der dann einer Endkontrolle unterzogen wird, um sicherzustellen, dass alle Reparaturen den h\u00f6chsten Standards entsprechen.\nDies umfasst die \u00dcberpr\u00fcfung der Funktionalit\u00e4t der Bremsen, der Federung und anderer kritischer Systeme. <\/p>\n<\/div>\n<\/div>\n<\/div>\n\n\n\n<div class=\"wp-block-columns is-not-stacked-on-mobile has-white-background-color has-background is-layout-flex wp-container-core-columns-is-layout-62050d0a wp-block-columns-is-layout-flex\" style=\"margin-top:0;margin-bottom:0;padding-top:var(--wp--preset--spacing--30);padding-right:var(--wp--preset--spacing--30);padding-bottom:var(--wp--preset--spacing--30);padding-left:var(--wp--preset--spacing--30)\">\n<div class=\"wp-block-column is-vertically-aligned-top is-layout-flow wp-block-column-is-layout-flow\" style=\"flex-basis:86px\">\n<div class=\"wp-block-group has-darkblue-color has-text-color has-background is-layout-grid wp-container-core-group-is-layout-1e73a8d0 wp-block-group-is-layout-grid\" style=\"border-radius:100px;background-color:#90acde;padding-top:var(--wp--preset--spacing--20);padding-right:0;padding-bottom:var(--wp--preset--spacing--20);padding-left:0\">\n<p class=\"has-text-align-center has-subheading-font-size wp-container-content-e4b5e493\">5<\/p>\n<\/div>\n<\/div>\n\n\n\n<div class=\"wp-block-column has-darkgrey-color has-text-color has-link-color wp-elements-c6dcbf63c982cc05aa2de0f46c39e3ea is-layout-flow wp-block-column-is-layout-flow\">\n<div class=\"wp-block-group is-vertical is-layout-flex wp-container-core-group-is-layout-c010ec09 wp-block-group-is-layout-flex\">\n<h3 class=\"wp-block-heading has-text-align-left\" style=\"padding-top:0;padding-bottom:0;font-style:normal;font-weight:500\">Abschlie\u00dfende Kontrolle und \u00dcbergabe an den Kunden<\/h3>\n\n\n\n<p style=\"line-height:1.5\">Unsere Techniker f\u00fchren eine Endkontrolle durch, die die \u00dcberpr\u00fcfung aller durchgef\u00fchrten Arbeiten und die Sicherstellung umfasst, dass alle Komponenten korrekt funktionieren.<\/p>\n\n\n\n<p style=\"line-height:1.5\">Wir erstellen eine detaillierte Dokumentation \u00fcber alle durchgef\u00fchrten Reparaturen und Anpassungen, die den Kunden f\u00fcr ihre Zwecke zur Verf\u00fcgung gestellt wird.<\/p>\n\n\n\n<p style=\"line-height:1.5\">Nach erfolgreichem Abschluss aller Kontrollen ist der Waggon bereit zur \u00dcbergabe an den Kunden, dem wir \u00fcber alle durchgef\u00fchrten Arbeiten informieren und Empfehlungen f\u00fcr die zuk\u00fcnftige Wartung geben.<\/p>\n<\/div>\n<\/div>\n<\/div>\n\n\n\n<div class=\"wp-block-columns is-not-stacked-on-mobile has-white-background-color has-background is-layout-flex wp-container-core-columns-is-layout-62050d0a wp-block-columns-is-layout-flex\" style=\"margin-top:0;margin-bottom:0;padding-top:var(--wp--preset--spacing--30);padding-right:var(--wp--preset--spacing--30);padding-bottom:var(--wp--preset--spacing--30);padding-left:var(--wp--preset--spacing--30)\">\n<div class=\"wp-block-column is-vertically-aligned-top is-layout-flow wp-block-column-is-layout-flow\" style=\"flex-basis:86px\">\n<div class=\"wp-block-group has-darkblue-color has-text-color has-background is-layout-grid wp-container-core-group-is-layout-1e73a8d0 wp-block-group-is-layout-grid\" style=\"border-radius:100px;background-color:#90acde;padding-top:var(--wp--preset--spacing--20);padding-right:0;padding-bottom:var(--wp--preset--spacing--20);padding-left:0\">\n<div class=\"wp-block-group is-content-justification-center is-nowrap is-layout-flex wp-container-core-group-is-layout-23441af8 wp-block-group-is-layout-flex\">\n<div class=\"wp-block-block-icon\"><svg xmlns=\"http:\/\/www.w3.org\/2000\/svg\" width=\"42\" height=\"42\" fill=\"currentColor\" viewbox=\"0 0 256 256\"><path d=\"M232.49,80.49l-128,128a12,12,0,0,1-17,0l-56-56a12,12,0,1,1,17-17L96,183,215.51,63.51a12,12,0,0,1,17,17Z\"><\/path><\/svg><\/div>\n<\/div>\n<\/div>\n<\/div>\n\n\n\n<div class=\"wp-block-column has-darkgrey-color has-text-color has-link-color wp-elements-45d7a29bc98eba2626ebf57087683b32 is-layout-flow wp-block-column-is-layout-flow\">\n<div class=\"wp-block-group is-vertical is-layout-flex wp-container-core-group-is-layout-c010ec09 wp-block-group-is-layout-flex\">\n<h4 class=\"wp-block-heading has-text-align-left\" style=\"padding-top:0;padding-bottom:0;font-style:normal;font-weight:500\">Bei LOKO TRANS Slovakia, s.r.o. streben wir st\u00e4ndig nach Flexibilit\u00e4t und Qualit\u00e4t, und deshalb sind wir \u00fcberzeugt, dass unser sorgf\u00e4ltiger Inspektionsprozess f\u00fcr G\u00fcterwagen eine sichere und zuverl\u00e4ssige Betrieb Ihrer Schienenfahrzeuge gew\u00e4hrleistet.<\/h4>\n<\/div>\n<\/div>\n<\/div>\n<\/div>\n\n\n\n<div class=\"wp-block-group has-global-padding is-layout-constrained wp-block-group-is-layout-constrained\">\n<div class=\"wp-block-buttons is-layout-flex wp-block-buttons-is-layout-flex\" style=\"margin-top:var(--wp--preset--spacing--40)\">\n<div class=\"wp-block-button is-style-small is-style-small--1\"><a class=\"wp-block-button__link wp-element-button\" href=\"https:\/\/lokotransslovakia.sk\/de\/dienstleistungen\/\">\u2190 Alle Dienstleistungen<\/a><\/div>\n<\/div>\n<\/div>\n<\/section>\n","protected":false},"excerpt":{"rendered":"<p>Der Prozess der Inspektion von G\u00fcterwagen Bei LOKO TRANS Slovakia, s.r.o. verpflichten wir uns, die h\u00f6chste Servicequalit\u00e4t w\u00e4hrend der Durchf\u00fchrung von Inspektionen von G\u00fcterwagen gem\u00e4\u00df den Vorschriften S\u00daNV, KVs5B-2010 und VPI zu gew\u00e4hrleisten. Unser Inspektionsprozess ist so gestaltet, dass er die maximale Sicherheit, Zuverl\u00e4ssigkeit und Lebensdauer Ihrer G\u00fcterwagen gew\u00e4hrleistet. 1 Empfang und Eingangskontrolle Jeder Waggon, [&hellip;]<\/p>\n","protected":false},"author":2,"featured_media":0,"parent":1661,"menu_order":1,"comment_status":"closed","ping_status":"closed","template":"","meta":{"_hide_from_menu":false,"footnotes":""},"class_list":["post-1704","page","type-page","status-publish","hentry"],"jetpack_sharing_enabled":true,"_links":{"self":[{"href":"https:\/\/lokotransslovakia.sk\/de\/wp-json\/wp\/v2\/pages\/1704","targetHints":{"allow":["GET"]}}],"collection":[{"href":"https:\/\/lokotransslovakia.sk\/de\/wp-json\/wp\/v2\/pages"}],"about":[{"href":"https:\/\/lokotransslovakia.sk\/de\/wp-json\/wp\/v2\/types\/page"}],"author":[{"embeddable":true,"href":"https:\/\/lokotransslovakia.sk\/de\/wp-json\/wp\/v2\/users\/2"}],"replies":[{"embeddable":true,"href":"https:\/\/lokotransslovakia.sk\/de\/wp-json\/wp\/v2\/comments?post=1704"}],"version-history":[{"count":5,"href":"https:\/\/lokotransslovakia.sk\/de\/wp-json\/wp\/v2\/pages\/1704\/revisions"}],"predecessor-version":[{"id":2201,"href":"https:\/\/lokotransslovakia.sk\/de\/wp-json\/wp\/v2\/pages\/1704\/revisions\/2201"}],"up":[{"embeddable":true,"href":"https:\/\/lokotransslovakia.sk\/de\/wp-json\/wp\/v2\/pages\/1661"}],"wp:attachment":[{"href":"https:\/\/lokotransslovakia.sk\/de\/wp-json\/wp\/v2\/media?parent=1704"}],"curies":[{"name":"wp","href":"https:\/\/api.w.org\/{rel}","templated":true}]}}