{"id":1698,"date":"2024-10-25T03:18:35","date_gmt":"2024-10-25T01:18:35","guid":{"rendered":"https:\/\/loko.skymove.sk\/dienstleistungen\/vor-ort-service\/"},"modified":"2024-11-30T19:18:47","modified_gmt":"2024-11-30T18:18:47","slug":"vor-ort-service","status":"publish","type":"page","link":"https:\/\/lokotransslovakia.sk\/de\/dienstleistungen\/vor-ort-service\/","title":{"rendered":"Vor-Ort-Service"},"content":{"rendered":"\n<div class=\"wp-block-group has-darkpurple-color has-lightpurple-background-color has-text-color has-background has-link-color wp-elements-35437c23af80419f4ec36b6204a2a263 has-global-padding is-layout-constrained wp-container-core-group-is-layout-04d0c217 wp-block-group-is-layout-constrained\" style=\"padding-top:0;padding-bottom:var(--wp--preset--spacing--40)\">\n<p class=\"has-medium-font-size\">Die Firma LOKO TRANS Slovakia, s.r.o. bietet ihren Kunden umfassende Dienstleistungen des mobilen Vor-Ort-Services f\u00fcr Schienenfahrzeuge an.<\/p>\n\n\n\n<div class=\"wp-block-group is-nowrap is-layout-flex wp-container-core-group-is-layout-17c695da wp-block-group-is-layout-flex\">\n<div class=\"wp-block-buttons is-layout-flex wp-block-buttons-is-layout-flex\">\n<div class=\"wp-block-button\"><a class=\"wp-block-button__link has-lightpurple-color has-darkpurple-background-color has-text-color has-background has-link-color wp-element-button\" href=\"\/wp-content\/uploads\/vor-ort-service.pdf\" target=\"_blank\" rel=\"noreferrer noopener\">Anzeigen<\/a><\/div>\n<\/div>\n\n\n\n<div class=\"wp-block-group has-darkpurple-color has-white-background-color has-text-color has-background has-link-color has-small-font-size wp-elements-dee1c4388adab03133f018c09838da69 is-nowrap is-layout-flex wp-container-core-group-is-layout-0cd4570c wp-block-group-is-layout-flex\" style=\"border-style:none;border-width:0px;border-radius:10px;padding-top:4px;padding-right:8px;padding-bottom:4px;padding-left:8px\">\n<pre class=\"wp-block-preformatted\">PDF<\/pre>\n<\/div>\n<\/div>\n<\/div>\n\n<div class=\"wp-block-group has-global-padding is-layout-constrained wp-block-group-is-layout-constrained has-background\" style=\"min-height:400px;background-image:url(&apos;https:\/\/lokotransslovakia.sk\/wp-content\/uploads\/vyjazdovy-servis-scaled.jpg&apos;);background-position:49% 54%;background-size:cover;\"><\/div>\n\n<section class=\"wp-block-group has-global-padding is-layout-constrained wp-container-core-group-is-layout-681b7b0a wp-block-group-is-layout-constrained\" style=\"margin-top:0;margin-bottom:var(--wp--preset--spacing--40);padding-top:var(--wp--preset--spacing--20);padding-bottom:0\">\n<h4 class=\"wp-block-heading\" style=\"padding-bottom:0\">Angebotene Dienstleistungen<\/h4>\n\n\n\n<ul style=\"line-height:1.6\" class=\"wp-block-list\">\n<li>Austausch von Rads\u00e4tzen und Fahrgestellen mit Waggonaufh\u00e4ngung vor Ort<\/li>\n\n\n\n<li>Austausch von Zug- und Pufferkupplungen<\/li>\n\n\n\n<li>Austausch von Bremskomponenten (Bremsverteiler, Relaisventile, Lastsensoren und Bremsschieber)<\/li>\n\n\n\n<li>Austausch von Bremsschiebern<\/li>\n\n\n\n<li>Reparatur und Austausch von Sicherheitsvorrichtungen (Trittstufen, Handl\u00e4ufe, usw.)<\/li>\n\n\n\n<li>Austausch von End- und Sicherheitsarmaturen sowie Steuermechanismen an Tankwagen<\/li>\n\n\n\n<li>Bremspr\u00fcfung gem\u00e4\u00df UIC 543-1<\/li>\n\n\n\n<li>(PDR5 Ger\u00e4t)<\/li>\n\n\n\n<li>Reparatur von Waggonaufbauten durch Schwei\u00dfen und Richten besch\u00e4digter Teile<\/li>\n\n\n\n<li>Reparatur von besch\u00e4digten Beschriftungen und Anstrichen<\/li>\n\n\n\n<li>Zus\u00e4tzliche Schmierung von Konstruktionsgruppen der G\u00fcterwagen<\/li>\n\n\n\n<li>Reinigung der Waggons von transportierten Substraten<\/li>\n\n\n\n<li>Sicherheitsinspektionen gem\u00e4\u00df den jeweiligen Vorschriften (S\u00daNV, KVs5B-2010, VPI)<\/li>\n\n\n\n<li>Kontrolle von G\u00fcterwagen gem\u00e4\u00df dem AVV-Vertrag<\/li>\n\n\n\n<li>Inspektion und Reparatur von Waggons gem\u00e4\u00df den individuellen Anforderungen des Kunden<\/li>\n\n\n\n<li>Erstellung vollst\u00e4ndiger Dokumentation f\u00fcr einzelne Reparaturen<\/li>\n\n\n\n<li>Sicherung der Lieferung von Ersatzteilen und kompletten Einheiten zum Reparaturort<\/li>\n<\/ul>\n\n\n\n<div class=\"wp-block-group is-layout-grid wp-container-core-group-is-layout-d82012bb wp-block-group-is-layout-grid\" style=\"padding-top:var(--wp--preset--spacing--30)\">\n<div class=\"wp-block-group has-white-color has-darkgrey-background-color has-text-color has-background has-link-color wp-elements-84d305ef2fede86f220dfc3232b83347 has-global-padding is-layout-constrained wp-container-core-group-is-layout-80fb368b wp-block-group-is-layout-constrained\" style=\"padding-top:var(--wp--preset--spacing--30);padding-right:var(--wp--preset--spacing--30);padding-bottom:var(--wp--preset--spacing--30);padding-left:var(--wp--preset--spacing--30)\">\n<div class=\"wp-block-group is-vertical is-layout-flex wp-container-core-group-is-layout-ea0cb840 wp-block-group-is-layout-flex\">\n<h5 class=\"wp-block-heading\" style=\"padding-top:0;padding-bottom:var(--wp--preset--spacing--10)\">Unsere Ausr\u00fcstung<\/h5>\n\n\n\n<div class=\"wp-block-columns are-vertically-aligned-top is-layout-flex wp-container-core-columns-is-layout-c5711a3b wp-block-columns-is-layout-flex\">\n<div class=\"wp-block-column is-vertically-aligned-top is-layout-flow wp-container-core-column-is-layout-e3d1c41b wp-block-column-is-layout-flow\">\n<p>4 komplett ausgestattete Servicefahrzeuge<\/p>\n\n\n\n<p>Lkw mit hydraulischem Kran, der bis zu sechs Rads\u00e4tze transportieren kann<\/p>\n<\/div>\n\n\n\n<div class=\"wp-block-column is-vertically-aligned-top is-layout-flow wp-container-core-column-is-layout-e3d1c41b wp-block-column-is-layout-flow\">\n<p>Ger\u00e4t f\u00fcr die station\u00e4re Bremspr\u00fcfung PDR5<\/p>\n\n\n\n<p>Kran- und Hebeger\u00e4t Hegenscheidt f\u00fcr Waggons und Lokomotiven<\/p>\n<\/div>\n<\/div>\n<\/div>\n<\/div>\n\n\n\n<div class=\"wp-block-group has-global-padding is-layout-constrained wp-block-group-is-layout-constrained has-background\" style=\"min-height:247px;padding-top:0;padding-bottom:0;background-image:url(&apos;https:\/\/lokotransslovakia.sk\/wp-content\/uploads\/auto.jpg&apos;);background-position:83% 68%;background-size:cover;\"><\/div>\n<\/div>\n<\/section>\n\n<div class=\"wp-block-group has-global-padding is-layout-constrained wp-container-core-group-is-layout-c19476fc wp-block-group-is-layout-constrained\">\n<h5 class=\"wp-block-heading\">Im Rahmen des Radsatzservices bieten wir einen All-in-One-Service an:<\/h5>\n\n\n\n<ul style=\"line-height:1.6\" class=\"wp-block-list\">\n<li>Lagerung,<\/li>\n\n\n\n<li>Reparatur von Rads\u00e4tzen gem\u00e4\u00df den Vorschriften S\u00daNV, KVs5B-2010 und VPI,<\/li>\n\n\n\n<li>Transport von Rads\u00e4tzen zum Austauschort mit einem Lkw mit hydraulischem Kran<\/li>\n\n\n\n<li>Austausch von Rads\u00e4tzen mit einem Hegenscheidt-Hebeger\u00e4t.<\/li>\n<\/ul>\n\n\n\n<p>Unser Ziel ist es, Dienstleistungen anzubieten, die einen zuverl\u00e4ssigen Betrieb von G\u00fcterwagen und Lokomotiven mit Fokus auf Qualit\u00e4t und Sicherheit gew\u00e4hrleisten.<\/p>\n<\/div>\n\n<div class=\"wp-block-group has-global-padding is-layout-constrained wp-block-group-is-layout-constrained\">\n<div class=\"wp-block-buttons is-layout-flex wp-block-buttons-is-layout-flex\" style=\"margin-top:var(--wp--preset--spacing--40)\">\n<div class=\"wp-block-button is-style-small is-style-small--1\"><a class=\"wp-block-button__link has-darkpurple-color has-lightpurple-background-color has-text-color has-background has-link-color wp-element-button\" href=\"https:\/\/lokotransslovakia.sk\/de\/dienstleistungen\/\">\u2190 Alle Dienstleistungen<\/a><\/div>\n<\/div>\n<\/div>\n","protected":false},"excerpt":{"rendered":"<p>Die Firma LOKO TRANS Slovakia, s.r.o. bietet ihren Kunden umfassende Dienstleistungen des mobilen Vor-Ort-Services f\u00fcr Schienenfahrzeuge an. PDF Angebotene Dienstleistungen Unsere Ausr\u00fcstung 4 komplett ausgestattete Servicefahrzeuge Lkw mit hydraulischem Kran, der bis zu sechs Rads\u00e4tze transportieren kann Ger\u00e4t f\u00fcr die station\u00e4re Bremspr\u00fcfung PDR5 Kran- und Hebeger\u00e4t Hegenscheidt f\u00fcr Waggons und Lokomotiven Im Rahmen des Radsatzservices [&hellip;]<\/p>\n","protected":false},"author":2,"featured_media":0,"parent":1661,"menu_order":5,"comment_status":"closed","ping_status":"closed","template":"page-with-purple-header","meta":{"_hide_from_menu":false,"footnotes":""},"class_list":["post-1698","page","type-page","status-publish","hentry"],"jetpack_sharing_enabled":true,"_links":{"self":[{"href":"https:\/\/lokotransslovakia.sk\/de\/wp-json\/wp\/v2\/pages\/1698","targetHints":{"allow":["GET"]}}],"collection":[{"href":"https:\/\/lokotransslovakia.sk\/de\/wp-json\/wp\/v2\/pages"}],"about":[{"href":"https:\/\/lokotransslovakia.sk\/de\/wp-json\/wp\/v2\/types\/page"}],"author":[{"embeddable":true,"href":"https:\/\/lokotransslovakia.sk\/de\/wp-json\/wp\/v2\/users\/2"}],"replies":[{"embeddable":true,"href":"https:\/\/lokotransslovakia.sk\/de\/wp-json\/wp\/v2\/comments?post=1698"}],"version-history":[{"count":6,"href":"https:\/\/lokotransslovakia.sk\/de\/wp-json\/wp\/v2\/pages\/1698\/revisions"}],"predecessor-version":[{"id":2268,"href":"https:\/\/lokotransslovakia.sk\/de\/wp-json\/wp\/v2\/pages\/1698\/revisions\/2268"}],"up":[{"embeddable":true,"href":"https:\/\/lokotransslovakia.sk\/de\/wp-json\/wp\/v2\/pages\/1661"}],"wp:attachment":[{"href":"https:\/\/lokotransslovakia.sk\/de\/wp-json\/wp\/v2\/media?parent=1698"}],"curies":[{"name":"wp","href":"https:\/\/api.w.org\/{rel}","templated":true}]}}