{"id":1695,"date":"2024-10-15T13:56:07","date_gmt":"2024-10-15T11:56:07","guid":{"rendered":"https:\/\/loko.skymove.sk\/ueber-uns\/"},"modified":"2025-01-29T13:45:20","modified_gmt":"2025-01-29T12:45:20","slug":"ueber-uns","status":"publish","type":"page","link":"https:\/\/lokotransslovakia.sk\/de\/ueber-uns\/","title":{"rendered":"\u00dcber uns"},"content":{"rendered":"\n<div class=\"wp-block-group has-darkred-color has-lightred-background-color has-text-color has-background has-link-color wp-elements-6255291b1e3438c75598370b52b67bbf has-global-padding is-layout-constrained wp-container-core-group-is-layout-1dfdee9d wp-block-group-is-layout-constrained\" style=\"margin-bottom:0;padding-top:var(--wp--preset--spacing--40);padding-bottom:var(--wp--preset--spacing--20)\">\n<h5 class=\"wp-block-heading\" style=\"padding-top:0\">Wir sind LOKO TRANS Slovakia, s.r.o.<\/h5>\n\n\n\n<p class=\"has-medium-font-size\">Wir sind seit 1997 auf dem Markt t\u00e4tig, im Bereich des Handels mit Bahntechnik sowie der Reparatur- und Wartungsdienste f\u00fcr Lokomotiven und G\u00fcterwagen. Wir entwickeln und erweitern unsere Reparatur- und Fertigungst\u00e4tigkeiten aktiv und verst\u00e4rken schrittweise unsere Servicekapazit\u00e4ten durch den Aufbau einer strategischen Basis in zertifizierten R\u00e4umlichkeiten in \u0160urany. Der Fokus liegt und wird weiterhin auf der Qualit\u00e4t der angebotenen Dienstleistungen liegen, mit einer kontinuierlichen Entwicklung der menschlichen Ressourcen, unter Ber\u00fccksichtigung ihrer fachlichen und technologischen Vorbereitung. <\/p>\n<\/div>\n\n<div class=\"wp-block-group has-lightred-background-color has-background has-global-padding is-layout-constrained wp-block-group-is-layout-constrained\" style=\"min-height:200px;margin-bottom:0;padding-bottom:var(--wp--preset--spacing--40)\">\n<figure style=\"margin-top:0;margin-bottom:0;padding-top:0;padding-bottom:0\" class=\"wp-block-video wp-container-content-b04ba3db\"><video height=\"1080\" style=\"aspect-ratio: 1920 \/ 1080;\" width=\"1920\" controls=\"\" loop=\"\" poster=\"https:\/\/lokotransslovakia.sk\/wp-content\/uploads\/video-bg.png\" src=\"https:\/\/lokotransslovakia.sk\/wp-content\/uploads\/video.mp4\" playsinline=\"\"><\/video><\/figure>\n<\/div>\n\n<div class=\"wp-block-group has-global-padding is-layout-constrained wp-block-group-is-layout-constrained\">\n<h3 class=\"wp-block-heading\" style=\"padding-top:var(--wp--preset--spacing--40);padding-bottom:var(--wp--preset--spacing--20)\">Unternehmensprofil<\/h3>\n\n\n\n<p>LOKO TRANS Slovakia, s.r.o. ist ein f\u00fchrendes slowakisches Unternehmen, das seit 1997 auf dem Markt t\u00e4tig ist und sich auf Handel und Dienstleistungen im Bereich der Eisenbahntechnik spezialisiert.\nWir bieten ein breites Spektrum an Dienstleistungen an, einschlie\u00dflich der Revision und Produktion von G\u00fcterwaggons und Rads\u00e4tzen, der Wartung und Reparatur von Kesselwagen, erstklassiger mobiler Serviceleistungen sowie der Abstellung von Waggons auf unseren Anschlussgleisen. <\/p>\n\n\n\n<div class=\"wp-block-buttons is-layout-flex wp-block-buttons-is-layout-flex\" style=\"padding-top:var(--wp--preset--spacing--10);padding-bottom:var(--wp--preset--spacing--40)\">\n<div class=\"wp-block-button is-style-small is-style-small--1\"><a class=\"wp-block-button__link has-darkred-color has-lightred-background-color has-text-color has-background has-link-color wp-element-button\" href=\"https:\/\/lokotransslovakia.sk\/de\/dienstleistungen\/\">Unsere Dienstleistungen \u2192<\/a><\/div>\n<\/div>\n<\/div>\n\n<div class=\"wp-block-group has-global-padding is-layout-constrained wp-block-group-is-layout-constrained\">\n<section class=\"wp-block-group has-darkred-color has-lightred-background-color has-text-color has-background has-link-color wp-elements-78c51beac6391f4d24e204a0bff61084 is-layout-grid wp-container-core-group-is-layout-63b4d3a4 wp-block-group-is-layout-grid\" style=\"padding-top:0;padding-right:0;padding-bottom:0;padding-left:0\">\n<div class=\"wp-block-group has-black-color has-text-color has-background has-link-color wp-elements-baafaba21f6212b18e04b6610c8d8905 is-vertical is-content-justification-stretch is-layout-flex wp-container-core-group-is-layout-9c1749bb wp-block-group-is-layout-flex\" style=\"background-color:#0000000f;margin-top:0;margin-bottom:0;padding-top:var(--wp--preset--spacing--30);padding-right:var(--wp--preset--spacing--30);padding-bottom:var(--wp--preset--spacing--30);padding-left:var(--wp--preset--spacing--30)\">\n<h3 class=\"wp-block-heading\" style=\"padding-top:0;padding-bottom:var(--wp--preset--spacing--20)\">Geschichte<\/h3>\n\n\n\n<details class=\"wp-block-details has-white-background-color has-background is-layout-flow wp-container-core-details-is-layout-224656f9 wp-block-details-is-layout-flow\" style=\"margin-top:0;padding-top:var(--wp--preset--spacing--20);padding-right:var(--wp--preset--spacing--20);padding-bottom:var(--wp--preset--spacing--20);padding-left:var(--wp--preset--spacing--20)\"><summary>1997<\/summary>\n<p>Gr\u00fcndung des Unternehmens mit Fokus auf den Handel mit Lokomotiven, G\u00fcterwaggons und Eisenbahntechnik.<\/p>\n<\/details>\n\n\n\n<details class=\"wp-block-details has-white-background-color has-background is-layout-flow wp-container-core-details-is-layout-224656f9 wp-block-details-is-layout-flow\" style=\"margin-top:0;padding-top:var(--wp--preset--spacing--20);padding-right:var(--wp--preset--spacing--20);padding-bottom:var(--wp--preset--spacing--20);padding-left:var(--wp--preset--spacing--20)\"><summary>2002<\/summary>\n<p>Erwerb der ersten Zertifikate f\u00fcr die Reparatur, Rekonstruktion und Produktion neuer Waggons sowie Er\u00f6ffnung der Division f\u00fcr die Instandsetzung von G\u00fcterwaggons auf dem Gel\u00e4nde von Z\u0164S Dubnica nad V\u00e1hom mit einer Kapazit\u00e4t von 180 Waggons pro Monat.<\/p>\n<\/details>\n\n\n\n<details class=\"wp-block-details has-white-background-color has-background is-layout-flow wp-container-core-details-is-layout-224656f9 wp-block-details-is-layout-flow\" style=\"margin-top:0;padding-top:var(--wp--preset--spacing--20);padding-right:var(--wp--preset--spacing--20);padding-bottom:var(--wp--preset--spacing--20);padding-left:var(--wp--preset--spacing--20)\"><summary>2005<\/summary>\n<p>Er\u00f6ffnung der Division f\u00fcr die Instandsetzung von G\u00fcterwaggons am Unternehmenssitz in \u0160urany mit einer Kapazit\u00e4t von 80 Waggons pro Monat und 70 Mitarbeitern.<\/p>\n<\/details>\n\n\n\n<details class=\"wp-block-details has-white-background-color has-background is-layout-flow wp-container-core-details-is-layout-224656f9 wp-block-details-is-layout-flow\" style=\"margin-top:0;padding-top:var(--wp--preset--spacing--20);padding-right:var(--wp--preset--spacing--20);padding-bottom:var(--wp--preset--spacing--20);padding-left:var(--wp--preset--spacing--20)\"><summary>2012<\/summary>\n<p>Er\u00f6ffnung neuer Instandsetzungsr\u00e4ume in \u0160urany mit einer Kapazit\u00e4t von 140 Waggons pro Monat und 100 Mitarbeitern.<\/p>\n<\/details>\n\n\n\n<details class=\"wp-block-details has-white-background-color has-background is-layout-flow wp-container-core-details-is-layout-224656f9 wp-block-details-is-layout-flow\" style=\"margin-top:0;padding-top:var(--wp--preset--spacing--20);padding-right:var(--wp--preset--spacing--20);padding-bottom:var(--wp--preset--spacing--20);padding-left:var(--wp--preset--spacing--20)\"><summary>2015<\/summary>\n<p>Aufbau eines Arbeitsplatzes f\u00fcr die Revision und Produktion neuer Rads\u00e4tze mit einer monatlichen Kapazit\u00e4t von 400 Revisionen und 240 neuen Rads\u00e4tzen bei einer Belegschaft von 32 Mitarbeitern.<\/p>\n<\/details>\n\n\n\n<details class=\"wp-block-details has-white-background-color has-background is-layout-flow wp-container-core-details-is-layout-224656f9 wp-block-details-is-layout-flow\" style=\"margin-top:0;padding-top:var(--wp--preset--spacing--20);padding-right:var(--wp--preset--spacing--20);padding-bottom:var(--wp--preset--spacing--20);padding-left:var(--wp--preset--spacing--20)\"><summary>2016<\/summary>\n<p>Produktion und Auslieferung der ersten Serie von G\u00fcterwaggons f\u00fcr den Containertransport.<\/p>\n<\/details>\n\n\n\n<details class=\"wp-block-details has-white-background-color has-background is-layout-flow wp-container-core-details-is-layout-224656f9 wp-block-details-is-layout-flow\" style=\"margin-top:0;padding-top:var(--wp--preset--spacing--20);padding-right:var(--wp--preset--spacing--20);padding-bottom:var(--wp--preset--spacing--20);padding-left:var(--wp--preset--spacing--20)\"><summary>2021<\/summary>\n<p>Erwerb des VPI-Zertifikats f\u00fcr die Reparatur, Modernisierung und Produktion von G\u00fcterwaggons f\u00fcr ganz Europa.<\/p>\n<\/details>\n\n\n\n<details class=\"wp-block-details has-white-background-color has-background is-layout-flow wp-container-core-details-is-layout-224656f9 wp-block-details-is-layout-flow\" style=\"margin-top:0;padding-top:var(--wp--preset--spacing--20);padding-right:var(--wp--preset--spacing--20);padding-bottom:var(--wp--preset--spacing--20);padding-left:var(--wp--preset--spacing--20)\"><summary>2024<\/summary>\n<p>Erweiterung der VPI-Zertifizierung auf die Instandsetzung von Kesselwaggons und Fertigstellung eines modernen Reparaturzentrums, ausgestattet mit der neuesten Technologie.<\/p>\n<\/details>\n<\/div>\n\n\n\n<div class=\"wp-block-group wp-container-content-5fd69529 is-vertical is-content-justification-left is-layout-flex wp-container-core-group-is-layout-93590aab wp-block-group-is-layout-flex\" style=\"padding-top:var(--wp--preset--spacing--30);padding-right:var(--wp--preset--spacing--30);padding-bottom:var(--wp--preset--spacing--30);padding-left:var(--wp--preset--spacing--30)\">\n<div class=\"wp-block-group has-global-padding is-layout-constrained wp-container-core-group-is-layout-e0082cf6 wp-block-group-is-layout-constrained\">\n<h3 class=\"wp-block-heading\" style=\"padding-top:0;padding-bottom:var(--wp--preset--spacing--10)\">Gegenwart<\/h3>\n\n\n\n<p>LOKO TRANS Slovakia, s.r.o. f\u00fchrt die Produktion und Revision von G\u00fcterwaggons in sieben modernen Produktionshallen durch und verf\u00fcgt \u00fcber eine Abstellfl\u00e4che im Gleisbereich f\u00fcr rund 600 Waggons.\nDas Unternehmen besch\u00e4ftigt 300 Mitarbeiter und hat eine j\u00e4hrliche Kapazit\u00e4t von 1.800 Waggons in der Revision. <\/p>\n\n\n\n<p>Wir f\u00fchren Reparaturen und Revisionen von Waggons f\u00fcr slowakische, tschechische und europ\u00e4ische Kunden durch.\nEbenso reparieren und rekonstruieren wir Waggons, die wir in asiatische und afrikanische L\u00e4nder liefern. <\/p>\n\n\n\n<p>Das Kernprogramm des Unternehmens ist eine modern aufgebaute Radsatzdivision mit einem hochmodernen defektoskopischen Pr\u00fcfzentrum. <\/p>\n\n\n\n<p>Die Division f\u00fcr die Produktion neuer Waggons konzentriert sich haupts\u00e4chlich auf die Herstellung von Containerwaggons verschiedener Typen gem\u00e4\u00df den Anforderungen europ\u00e4ischer Kunden.\nEin gro\u00dfer Mehrwert ist der vollst\u00e4ndig ausgestattete mobile Service mit Hebevorrichtungen und Kr\u00e4nen, die f\u00fcr den Einsatz im Gel\u00e4nde angepasst sind. <\/p>\n<\/div>\n<\/div>\n<\/section>\n<\/div>\n","protected":false},"excerpt":{"rendered":"<p>Wir sind LOKO TRANS Slovakia, s.r.o. Wir sind seit 1997 auf dem Markt t\u00e4tig, im Bereich des Handels mit Bahntechnik sowie der Reparatur- und Wartungsdienste f\u00fcr Lokomotiven und G\u00fcterwagen. Wir entwickeln und erweitern unsere Reparatur- und Fertigungst\u00e4tigkeiten aktiv und verst\u00e4rken schrittweise unsere Servicekapazit\u00e4ten durch den Aufbau einer strategischen Basis in zertifizierten R\u00e4umlichkeiten in \u0160urany. Der [&hellip;]<\/p>\n","protected":false},"author":2,"featured_media":1546,"parent":0,"menu_order":2,"comment_status":"closed","ping_status":"closed","template":"page-with-image-header","meta":{"_hide_from_menu":false,"footnotes":""},"class_list":["post-1695","page","type-page","status-publish","has-post-thumbnail","hentry"],"jetpack_sharing_enabled":true,"_links":{"self":[{"href":"https:\/\/lokotransslovakia.sk\/de\/wp-json\/wp\/v2\/pages\/1695","targetHints":{"allow":["GET"]}}],"collection":[{"href":"https:\/\/lokotransslovakia.sk\/de\/wp-json\/wp\/v2\/pages"}],"about":[{"href":"https:\/\/lokotransslovakia.sk\/de\/wp-json\/wp\/v2\/types\/page"}],"author":[{"embeddable":true,"href":"https:\/\/lokotransslovakia.sk\/de\/wp-json\/wp\/v2\/users\/2"}],"replies":[{"embeddable":true,"href":"https:\/\/lokotransslovakia.sk\/de\/wp-json\/wp\/v2\/comments?post=1695"}],"version-history":[{"count":6,"href":"https:\/\/lokotransslovakia.sk\/de\/wp-json\/wp\/v2\/pages\/1695\/revisions"}],"predecessor-version":[{"id":2805,"href":"https:\/\/lokotransslovakia.sk\/de\/wp-json\/wp\/v2\/pages\/1695\/revisions\/2805"}],"wp:featuredmedia":[{"embeddable":true,"href":"https:\/\/lokotransslovakia.sk\/de\/wp-json\/wp\/v2\/media\/1546"}],"wp:attachment":[{"href":"https:\/\/lokotransslovakia.sk\/de\/wp-json\/wp\/v2\/media?parent=1695"}],"curies":[{"name":"wp","href":"https:\/\/api.w.org\/{rel}","templated":true}]}}