{"id":1693,"date":"2024-10-25T03:10:50","date_gmt":"2024-10-25T01:10:50","guid":{"rendered":"https:\/\/loko.skymove.sk\/produktblaetter\/radsaetze\/"},"modified":"2025-05-02T02:04:16","modified_gmt":"2025-05-02T00:04:16","slug":"radsaetze","status":"publish","type":"page","link":"https:\/\/lokotransslovakia.sk\/de\/produktblaetter\/radsaetze\/","title":{"rendered":"Rads\u00e4tze"},"content":{"rendered":"\n<div class=\"wp-block-group has-global-padding is-layout-constrained wp-block-group-is-layout-constrained\">\n<div class=\"wp-block-group is-layout-grid wp-container-core-group-is-layout-80152b60 wp-block-group-is-layout-grid\" style=\"padding-top:var(--wp--preset--spacing--40);padding-right:0;padding-bottom:var(--wp--preset--spacing--20);padding-left:0\">\n<div class=\"wp-block-group has-lightgrey-background-color has-background wp-container-content-6459b8ee is-vertical is-content-justification-stretch is-layout-flex wp-container-core-group-is-layout-5eb48714 wp-block-group-is-layout-flex\" style=\"margin-top:0;margin-bottom:0;padding-top:0;padding-right:0;padding-bottom:0;padding-left:0\">\n<figure class=\"wp-block-image size-large\"><img loading=\"lazy\" decoding=\"async\" width=\"1024\" height=\"411\" src=\"https:\/\/lokotransslovakia.sk\/wp-content\/uploads\/lts-1024x411.png\" alt=\"\" class=\"wp-image-1112\" style=\"object-fit:cover\" srcset=\"https:\/\/lokotransslovakia.sk\/wp-content\/uploads\/lts-1024x411.png 1024w, https:\/\/lokotransslovakia.sk\/wp-content\/uploads\/lts-300x120.png 300w, https:\/\/lokotransslovakia.sk\/wp-content\/uploads\/lts-768x308.png 768w, https:\/\/lokotransslovakia.sk\/wp-content\/uploads\/lts.png 1474w\" sizes=\"auto, (max-width: 1024px) 100vw, 1024px\" \/><\/figure>\n\n\n\n<div class=\"wp-block-group has-darkgrey-color has-text-color has-link-color wp-elements-fb1cbce8b4aaecefdb27876da6a143d9 wp-container-content-9cfa9a5a is-vertical is-content-justification-stretch is-layout-flex wp-container-core-group-is-layout-d9cf6448 wp-block-group-is-layout-flex\" style=\"margin-top:0;margin-bottom:0;padding-top:var(--wp--preset--spacing--20);padding-right:var(--wp--preset--spacing--30);padding-bottom:var(--wp--preset--spacing--20);padding-left:var(--wp--preset--spacing--30)\">\n<h5 class=\"wp-block-heading\" style=\"padding-top:0;padding-bottom:0\">Konstruktionsstandard LTS_25t<\/h5>\n\n\n\n<div class=\"wp-block-group is-vertical is-layout-flex wp-container-core-group-is-layout-ea0cb840 wp-block-group-is-layout-flex\">\n<p>Durchf\u00fchrung der Neuproduktion von Rads\u00e4tzen f\u00fcr G\u00fcterwagen.<\/p>\n\n\n\n<div class=\"wp-block-group is-nowrap is-layout-flex wp-container-core-group-is-layout-17c695da wp-block-group-is-layout-flex\">\n<div class=\"wp-block-buttons is-layout-flex wp-block-buttons-is-layout-flex\">\n<div class=\"wp-block-button is-style-small is-style-small--1\"><a class=\"wp-block-button__link wp-element-button\" href=\"\/wp-content\/uploads\/LTS-25t-de.pdf\" target=\"_blank\" rel=\"noreferrer noopener\">Anzeigen<\/a><\/div>\n<\/div>\n\n\n\n<div class=\"wp-block-group has-darkgrey-color has-white-background-color has-text-color has-background has-link-color has-small-font-size wp-elements-8894d2889896f73103446d03bb7ee1c5 is-nowrap is-layout-flex wp-container-core-group-is-layout-0cd4570c wp-block-group-is-layout-flex\" style=\"border-style:none;border-width:0px;border-radius:10px;padding-top:4px;padding-right:8px;padding-bottom:4px;padding-left:8px\">\n<pre class=\"wp-block-preformatted\">PDF<\/pre>\n<\/div>\n<\/div>\n<\/div>\n<\/div>\n<\/div>\n\n\n\n<div class=\"wp-block-group has-lightgrey-background-color has-background is-vertical is-content-justification-stretch is-layout-flex wp-container-core-group-is-layout-5eb48714 wp-block-group-is-layout-flex\" style=\"margin-top:0;margin-bottom:0;padding-top:0;padding-right:0;padding-bottom:0;padding-left:0\">\n<figure class=\"wp-block-image size-large\"><img loading=\"lazy\" decoding=\"async\" width=\"1024\" height=\"411\" src=\"https:\/\/lokotransslovakia.sk\/wp-content\/uploads\/lts-1024x411.png\" alt=\"\" class=\"wp-image-1112\" style=\"object-fit:cover\" srcset=\"https:\/\/lokotransslovakia.sk\/wp-content\/uploads\/lts-1024x411.png 1024w, https:\/\/lokotransslovakia.sk\/wp-content\/uploads\/lts-300x120.png 300w, https:\/\/lokotransslovakia.sk\/wp-content\/uploads\/lts-768x308.png 768w, https:\/\/lokotransslovakia.sk\/wp-content\/uploads\/lts.png 1474w\" sizes=\"auto, (max-width: 1024px) 100vw, 1024px\" \/><\/figure>\n\n\n\n<div class=\"wp-block-group has-darkgrey-color has-text-color has-link-color wp-elements-286c276c213b6cb95744bc5fb6c86335 is-vertical is-content-justification-stretch is-layout-flex wp-container-core-group-is-layout-63592292 wp-block-group-is-layout-flex\" style=\"margin-top:0;margin-bottom:0;padding-top:var(--wp--preset--spacing--20);padding-right:var(--wp--preset--spacing--30);padding-bottom:var(--wp--preset--spacing--20);padding-left:var(--wp--preset--spacing--30)\">\n<h5 class=\"wp-block-heading\" style=\"padding-top:0;padding-bottom:0\">Konstruktionsstandard LTS_23,5t \/ 22,5t<\/h5>\n\n\n\n<p>Durchf\u00fchrung der Neuproduktion von Rads\u00e4tzen f\u00fcr G\u00fcterwagen.<\/p>\n\n\n\n<div class=\"wp-block-group is-nowrap is-layout-flex wp-container-core-group-is-layout-17c695da wp-block-group-is-layout-flex\">\n<div class=\"wp-block-buttons is-layout-flex wp-block-buttons-is-layout-flex\">\n<div class=\"wp-block-button is-style-small is-style-small--2\"><a class=\"wp-block-button__link wp-element-button\" href=\"\/wp-content\/uploads\/LTS-235t-225t-de.pdf\" target=\"_blank\" rel=\"noreferrer noopener\">Anzeigen<\/a><\/div>\n<\/div>\n\n\n\n<div class=\"wp-block-group has-darkgrey-color has-white-background-color has-text-color has-background has-link-color has-small-font-size wp-elements-8894d2889896f73103446d03bb7ee1c5 is-nowrap is-layout-flex wp-container-core-group-is-layout-0cd4570c wp-block-group-is-layout-flex\" style=\"border-style:none;border-width:0px;border-radius:10px;padding-top:4px;padding-right:8px;padding-bottom:4px;padding-left:8px\">\n<pre class=\"wp-block-preformatted\">PDF<\/pre>\n<\/div>\n<\/div>\n<\/div>\n<\/div>\n<\/div>\n<\/div>\n\n<div class=\"wp-block-group has-global-padding is-layout-constrained wp-block-group-is-layout-constrained\">\n<div class=\"wp-block-buttons is-layout-flex wp-block-buttons-is-layout-flex\" style=\"margin-top:var(--wp--preset--spacing--20)\">\n<div class=\"wp-block-button is-style-small is-style-small--3\"><a class=\"wp-block-button__link has-darkpurple-color has-lightpurple-background-color has-text-color has-background has-link-color wp-element-button\" href=\"https:\/\/lokotransslovakia.sk\/de\/produktblaetter\/\">\u2190 Alle Produktbl\u00e4tter<\/a><\/div>\n<\/div>\n<\/div>\n","protected":false},"excerpt":{"rendered":"<p>Konstruktionsstandard LTS_25t Durchf\u00fchrung der Neuproduktion von Rads\u00e4tzen f\u00fcr G\u00fcterwagen. PDF Konstruktionsstandard LTS_23,5t \/ 22,5t Durchf\u00fchrung der Neuproduktion von Rads\u00e4tzen f\u00fcr G\u00fcterwagen. PDF<\/p>\n","protected":false},"author":2,"featured_media":0,"parent":1655,"menu_order":2,"comment_status":"closed","ping_status":"closed","template":"page-with-purple-header","meta":{"_hide_from_menu":false,"footnotes":""},"class_list":["post-1693","page","type-page","status-publish","hentry"],"jetpack_sharing_enabled":true,"_links":{"self":[{"href":"https:\/\/lokotransslovakia.sk\/de\/wp-json\/wp\/v2\/pages\/1693","targetHints":{"allow":["GET"]}}],"collection":[{"href":"https:\/\/lokotransslovakia.sk\/de\/wp-json\/wp\/v2\/pages"}],"about":[{"href":"https:\/\/lokotransslovakia.sk\/de\/wp-json\/wp\/v2\/types\/page"}],"author":[{"embeddable":true,"href":"https:\/\/lokotransslovakia.sk\/de\/wp-json\/wp\/v2\/users\/2"}],"replies":[{"embeddable":true,"href":"https:\/\/lokotransslovakia.sk\/de\/wp-json\/wp\/v2\/comments?post=1693"}],"version-history":[{"count":5,"href":"https:\/\/lokotransslovakia.sk\/de\/wp-json\/wp\/v2\/pages\/1693\/revisions"}],"predecessor-version":[{"id":2928,"href":"https:\/\/lokotransslovakia.sk\/de\/wp-json\/wp\/v2\/pages\/1693\/revisions\/2928"}],"up":[{"embeddable":true,"href":"https:\/\/lokotransslovakia.sk\/de\/wp-json\/wp\/v2\/pages\/1655"}],"wp:attachment":[{"href":"https:\/\/lokotransslovakia.sk\/de\/wp-json\/wp\/v2\/media?parent=1693"}],"curies":[{"name":"wp","href":"https:\/\/api.w.org\/{rel}","templated":true}]}}