{"id":1691,"date":"2024-10-25T03:20:35","date_gmt":"2024-10-25T01:20:35","guid":{"rendered":"https:\/\/loko.skymove.sk\/produktion\/radsaetze\/"},"modified":"2024-11-30T18:54:41","modified_gmt":"2024-11-30T17:54:41","slug":"radsaetze","status":"publish","type":"page","link":"https:\/\/lokotransslovakia.sk\/de\/produktion\/radsaetze\/","title":{"rendered":"Rads\u00e4tze"},"content":{"rendered":"\n<div class=\"wp-block-group has-global-padding is-layout-constrained wp-container-core-group-is-layout-b1182ca2 wp-block-group-is-layout-constrained\" style=\"padding-top:var(--wp--preset--spacing--40);padding-bottom:var(--wp--preset--spacing--40)\">\n<div class=\"wp-block-group is-layout-grid wp-container-core-group-is-layout-90834c91 wp-block-group-is-layout-grid\">\n<div class=\"wp-block-group has-background is-content-justification-center is-nowrap is-layout-flex wp-container-core-group-is-layout-23441af8 wp-block-group-is-layout-flex\" style=\"background-color:#0000000f;min-height:250px;background-image:url(&apos;https:\/\/lokotransslovakia.sk\/wp-content\/uploads\/dvojkolia.png&apos;);background-position:74% 20%;background-size:cover;background-attachment:scroll;\"><\/div>\n\n\n\n<div class=\"wp-block-group has-darkred-color has-lightred-background-color has-text-color has-background has-link-color wp-elements-907cc2b219fb8cceb100557ebd38d001 is-vertical is-content-justification-left is-layout-flex wp-container-core-group-is-layout-efae5764 wp-block-group-is-layout-flex\" style=\"margin-top:0;margin-bottom:0;padding-top:var(--wp--preset--spacing--40);padding-right:var(--wp--preset--spacing--40);padding-bottom:var(--wp--preset--spacing--40);padding-left:var(--wp--preset--spacing--40)\">\n<div class=\"wp-block-group has-global-padding is-layout-constrained wp-container-core-group-is-layout-c19476fc wp-block-group-is-layout-constrained\">\n<p class=\"has-medium-font-size\">Der genehmigte Produktionsprozess konzentriert sich auf die Neuproduktion von Rads\u00e4tzen f\u00fcr G\u00fcterwagen aus neuen Komponenten.<\/p>\n\n\n\n<p class=\"has-medium-font-size\">Die verwendeten Komponenten werden mit vollst\u00e4ndiger technischer Dokumentation von zugelassenen Herstellern geliefert. Mit moderner technischer Ausstattung und erfahrenem Personal gew\u00e4hrleisten wir in unserem Betrieb einen Produktionsprozess, der die geforderte Qualit\u00e4t und die Zufriedenheit der Kunden sicherstellt. <\/p>\n<\/div>\n\n\n\n<div class=\"wp-block-buttons is-layout-flex wp-container-core-buttons-is-layout-fbcf6490 wp-block-buttons-is-layout-flex\">\n<div class=\"wp-block-button is-style-default\"><a class=\"wp-block-button__link has-lightred-color has-darkred-background-color has-text-color has-background has-link-color wp-element-button\" href=\"https:\/\/lokotransslovakia.sk\/de\/produktblaetter\/radsaetze\/\">Produktbl\u00e4tter ansehen \u2192<\/a><\/div>\n\n\n\n<div class=\"wp-block-button is-style-secondary is-style-secondary--1\"><a class=\"wp-block-button__link wp-element-button\" href=\"https:\/\/lokotransslovakia.sk\/de\/kontakt\/\">Kontakt \u2192<\/a><\/div>\n<\/div>\n<\/div>\n<\/div>\n\n\n\n<div class=\"wp-block-buttons is-layout-flex wp-block-buttons-is-layout-flex\">\n<div class=\"wp-block-button is-style-small is-style-small--2\"><a class=\"wp-block-button__link has-darkred-color has-lightred-background-color has-text-color has-background has-link-color wp-element-button\" href=\"https:\/\/lokotransslovakia.sk\/de\/produktion\/\">\u2190 Produktion<\/a><\/div>\n<\/div>\n<\/div>\n","protected":false},"excerpt":{"rendered":"<p>Der genehmigte Produktionsprozess konzentriert sich auf die Neuproduktion von Rads\u00e4tzen f\u00fcr G\u00fcterwagen aus neuen Komponenten. Die verwendeten Komponenten werden mit vollst\u00e4ndiger technischer Dokumentation von zugelassenen Herstellern geliefert. Mit moderner technischer Ausstattung und erfahrenem Personal gew\u00e4hrleisten wir in unserem Betrieb einen Produktionsprozess, der die geforderte Qualit\u00e4t und die Zufriedenheit der Kunden sicherstellt.<\/p>\n","protected":false},"author":2,"featured_media":0,"parent":1671,"menu_order":2,"comment_status":"closed","ping_status":"closed","template":"page-with-red-header","meta":{"_hide_from_menu":false,"footnotes":""},"class_list":["post-1691","page","type-page","status-publish","hentry"],"jetpack_sharing_enabled":true,"_links":{"self":[{"href":"https:\/\/lokotransslovakia.sk\/de\/wp-json\/wp\/v2\/pages\/1691","targetHints":{"allow":["GET"]}}],"collection":[{"href":"https:\/\/lokotransslovakia.sk\/de\/wp-json\/wp\/v2\/pages"}],"about":[{"href":"https:\/\/lokotransslovakia.sk\/de\/wp-json\/wp\/v2\/types\/page"}],"author":[{"embeddable":true,"href":"https:\/\/lokotransslovakia.sk\/de\/wp-json\/wp\/v2\/users\/2"}],"replies":[{"embeddable":true,"href":"https:\/\/lokotransslovakia.sk\/de\/wp-json\/wp\/v2\/comments?post=1691"}],"version-history":[{"count":3,"href":"https:\/\/lokotransslovakia.sk\/de\/wp-json\/wp\/v2\/pages\/1691\/revisions"}],"predecessor-version":[{"id":2228,"href":"https:\/\/lokotransslovakia.sk\/de\/wp-json\/wp\/v2\/pages\/1691\/revisions\/2228"}],"up":[{"embeddable":true,"href":"https:\/\/lokotransslovakia.sk\/de\/wp-json\/wp\/v2\/pages\/1671"}],"wp:attachment":[{"href":"https:\/\/lokotransslovakia.sk\/de\/wp-json\/wp\/v2\/media?parent=1691"}],"curies":[{"name":"wp","href":"https:\/\/api.w.org\/{rel}","templated":true}]}}