{"id":1679,"date":"2024-10-25T03:23:51","date_gmt":"2024-10-25T01:23:51","guid":{"rendered":"https:\/\/loko.skymove.sk\/qualitaet\/"},"modified":"2024-11-30T18:55:19","modified_gmt":"2024-11-30T17:55:19","slug":"qualitaet","status":"publish","type":"page","link":"https:\/\/lokotransslovakia.sk\/de\/ueber-uns\/qualitaet\/","title":{"rendered":"Qualit\u00e4t"},"content":{"rendered":"\n<div class=\"wp-block-group has-global-padding is-layout-constrained wp-container-core-group-is-layout-b1182ca2 wp-block-group-is-layout-constrained\" style=\"padding-top:var(--wp--preset--spacing--40);padding-bottom:var(--wp--preset--spacing--40)\">\n<section class=\"wp-block-group has-black-color has-lightgrey-background-color has-text-color has-background has-link-color wp-elements-0e2e4000753222c9a44adf74ac986e2c is-layout-grid wp-container-core-group-is-layout-63b4d3a4 wp-block-group-is-layout-grid\" style=\"padding-top:0;padding-right:0;padding-bottom:0;padding-left:0\">\n<div class=\"wp-block-group has-background is-content-justification-center is-nowrap is-layout-flex wp-container-core-group-is-layout-23441af8 wp-block-group-is-layout-flex\" style=\"background-color:#0000000f;min-height:250px;background-image:url(&apos;https:\/\/lokotransslovakia.sk\/wp-content\/uploads\/tempImageo2wuGV-scaled.jpg&apos;);background-size:cover;\"><\/div>\n\n\n\n<div class=\"wp-block-group wp-container-content-5fd69529 is-vertical is-content-justification-left is-layout-flex wp-container-core-group-is-layout-ac1f8839 wp-block-group-is-layout-flex\" style=\"padding-top:var(--wp--preset--spacing--40);padding-right:var(--wp--preset--spacing--40);padding-bottom:var(--wp--preset--spacing--40);padding-left:var(--wp--preset--spacing--40)\">\n<h3 class=\"wp-block-heading\" style=\"padding-top:0;padding-bottom:var(--wp--preset--spacing--20)\">Qualit\u00e4t an erster Stelle<\/h3>\n\n\n\n<p class=\"has-medium-font-size\">Bei LOKO TRANS Slovakia, s.r.o. ist Qualit\u00e4t der Grundstein f\u00fcr alles, was wir tun. Unser Unternehmen spezialisiert sich auf die \u00dcberholung von Eisenbahntechnik wie G\u00fcterwagen und Rads\u00e4tze sowie auf die Herstellung neuer G\u00fcterwagen. Wir sind \u00fcberzeugt, dass Qualit\u00e4t nicht nur bedeutet, Standards einzuhalten, sondern auch die Erwartungen unserer Kunden zu \u00fcbertreffen.  <\/p>\n<\/div>\n<\/section>\n\n\n\n<section class=\"wp-block-group has-darkgreen-color has-lightgreen-background-color has-text-color has-background has-link-color wp-elements-85e57246af5fda0d9974f38f8c1bc0e9 is-layout-grid wp-container-core-group-is-layout-63b4d3a4 wp-block-group-is-layout-grid\" style=\"padding-top:0;padding-right:0;padding-bottom:0;padding-left:0\">\n<div class=\"wp-block-group wp-container-content-5fd69529 is-vertical is-content-justification-left is-layout-flex wp-container-core-group-is-layout-ac1f8839 wp-block-group-is-layout-flex\" style=\"padding-top:var(--wp--preset--spacing--40);padding-right:var(--wp--preset--spacing--40);padding-bottom:var(--wp--preset--spacing--40);padding-left:var(--wp--preset--spacing--40)\">\n<h3 class=\"wp-block-heading\" style=\"padding-top:0;padding-bottom:var(--wp--preset--spacing--20)\">Pr\u00e4zise Reparaturen von G\u00fcterwagen<\/h3>\n\n\n\n<p class=\"has-medium-font-size\">Jeder G\u00fcterwagen, der durch unsere H\u00e4nde geht, wird einer gr\u00fcndlichen \u00dcberpr\u00fcfung und Reparatur unterzogen. Unsere Prozesse sind darauf ausgelegt, maximale Zuverl\u00e4ssigkeit und Sicherheit zu gew\u00e4hrleisten. Wir verwenden ausschlie\u00dflich Materialien und Ersatzteile von h\u00f6chster Qualit\u00e4t, die eine lange Lebensdauer und einen minimalen Bedarf an zuk\u00fcnftigen Reparaturen sicherstellen. Unsere Techniker sind hochqualifiziert und bilden sich st\u00e4ndig weiter, um die neuesten Technologien und Verfahren anwenden zu k\u00f6nnen.   <\/p>\n<\/div>\n\n\n\n<div class=\"wp-block-group has-background is-content-justification-center is-nowrap is-layout-flex wp-container-core-group-is-layout-23441af8 wp-block-group-is-layout-flex\" style=\"background-color:#0000000f;min-height:250px;background-image:url(&apos;https:\/\/lokotransslovakia.sk\/wp-content\/uploads\/kvalita-opravy.jpg&apos;);background-position:33% 57.99999999999999%;background-size:cover;\"><\/div>\n<\/section>\n\n\n\n<section class=\"wp-block-group has-darkgreen-color has-lightgreen-background-color has-text-color has-background has-link-color wp-elements-4bb84d29f023ea9dfe0bc01a40d1b7ea is-layout-grid wp-container-core-group-is-layout-63b4d3a4 wp-block-group-is-layout-grid\" style=\"padding-top:0;padding-right:0;padding-bottom:0;padding-left:0\">\n<div class=\"wp-block-group has-background is-content-justification-center is-nowrap is-layout-flex wp-container-core-group-is-layout-23441af8 wp-block-group-is-layout-flex\" style=\"background-color:#0000000f;min-height:250px;background-image:url(&apos;https:\/\/lokotransslovakia.sk\/wp-content\/uploads\/kvalita-dvojkolia.jpg&apos;);background-position:55.00000000000001% 63%;background-size:cover;\"><\/div>\n\n\n\n<div class=\"wp-block-group wp-container-content-5fd69529 is-vertical is-content-justification-left is-layout-flex wp-container-core-group-is-layout-ac1f8839 wp-block-group-is-layout-flex\" style=\"padding-top:var(--wp--preset--spacing--40);padding-right:var(--wp--preset--spacing--40);padding-bottom:var(--wp--preset--spacing--40);padding-left:var(--wp--preset--spacing--40)\">\n<h3 class=\"wp-block-heading\" style=\"padding-top:0;padding-bottom:var(--wp--preset--spacing--20)\">Reparaturen von Rads\u00e4tzen mit Augenmerk auf Details<\/h3>\n\n\n\n<p class=\"has-medium-font-size\">Rads\u00e4tze sind eine der kritischsten Komponenten von Schienenfahrzeugen. Daher legen wir besonderen Wert auf ihre Reparatur und Wartung. Unsere spezialisierten Ger\u00e4te und pr\u00e4zisen Pr\u00fcfmethoden gew\u00e4hrleisten, dass jeder Radsatz, der unsere Werkstatt verl\u00e4sst, die strengsten Sicherheits- und Leistungsstandards erf\u00fcllt. Eine detaillierte \u00dcberpr\u00fcfung und Testung garantieren, dass die Rads\u00e4tze auch unter den anspruchsvollsten Bedingungen zuverl\u00e4ssig funktionieren.   <\/p>\n<\/div>\n<\/section>\n\n\n\n<section class=\"wp-block-group has-darkred-color has-lightred-background-color has-text-color has-background has-link-color wp-elements-636ee66e7d1933d1956c7fb5b5d79691 is-layout-grid wp-container-core-group-is-layout-63b4d3a4 wp-block-group-is-layout-grid\" style=\"padding-top:0;padding-right:0;padding-bottom:0;padding-left:0\">\n<div class=\"wp-block-group wp-container-content-5fd69529 is-vertical is-content-justification-left is-layout-flex wp-container-core-group-is-layout-ac1f8839 wp-block-group-is-layout-flex\" style=\"padding-top:var(--wp--preset--spacing--40);padding-right:var(--wp--preset--spacing--40);padding-bottom:var(--wp--preset--spacing--40);padding-left:var(--wp--preset--spacing--40)\">\n<h3 class=\"wp-block-heading\" style=\"padding-top:0;padding-bottom:var(--wp--preset--spacing--20)\">Herstellung neuer G\u00fcterwagen<\/h3>\n\n\n\n<p class=\"has-medium-font-size\">Die Herstellung neuer G\u00fcterwagen in unserem Unternehmen ist ein Prozess, der Innovation mit traditionellem Handwerk vereint. Jeder Wagen ist das Ergebnis sorgf\u00e4ltiger Arbeit und Liebe zum Detail. Unsere Technologen und Techniker arbeiten in jedem Schritt des Produktionsprozesses zusammen, um sicherzustellen, dass das Endprodukt nicht nur den Industriestandards entspricht, sondern diese sogar \u00fcbertrifft. Wir verwenden ausschlie\u00dflich hochwertige Materialien und Komponenten, die eine lange Lebensdauer und maximale Effizienz unserer Wagen garantieren.   <\/p>\n<\/div>\n\n\n\n<div class=\"wp-block-group has-background is-content-justification-center is-nowrap is-layout-flex wp-container-core-group-is-layout-23441af8 wp-block-group-is-layout-flex\" style=\"background-color:#0000000f;min-height:250px;background-image:url(&apos;https:\/\/lokotransslovakia.sk\/wp-content\/uploads\/kvalita-vyroba.jpg&apos;);background-position:55.00000000000001% 63%;background-size:cover;\"><\/div>\n<\/section>\n\n\n\n<section class=\"wp-block-group has-darkorange-color has-lightorange-background-color has-text-color has-background has-link-color wp-elements-15d170e54a295efaf82efdf12f224644 is-layout-grid wp-container-core-group-is-layout-63b4d3a4 wp-block-group-is-layout-grid\" style=\"padding-top:0;padding-right:0;padding-bottom:0;padding-left:0\">\n<div class=\"wp-block-group has-background is-content-justification-center is-nowrap is-layout-flex wp-container-core-group-is-layout-23441af8 wp-block-group-is-layout-flex\" style=\"background-color:#0000000f;min-height:250px;background-image:url(&apos;https:\/\/lokotransslovakia.sk\/wp-content\/uploads\/kvalita-procesy-scaled.jpg&apos;);background-size:cover;\"><\/div>\n\n\n\n<div class=\"wp-block-group wp-container-content-5fd69529 is-vertical is-content-justification-left is-layout-flex wp-container-core-group-is-layout-ac1f8839 wp-block-group-is-layout-flex\" style=\"padding-top:var(--wp--preset--spacing--40);padding-right:var(--wp--preset--spacing--40);padding-bottom:var(--wp--preset--spacing--40);padding-left:var(--wp--preset--spacing--40)\">\n<h3 class=\"wp-block-heading\" style=\"padding-top:0;padding-bottom:var(--wp--preset--spacing--20)\">Zertifizierte Prozesse und kontinuierliche Verbesserung<\/h3>\n\n\n\n<p class=\"has-medium-font-size\">Unsere Qualit\u00e4tsverpflichtungen sind durch Zertifizierungen nach internationalen Standards best\u00e4tigt. Wir verbessern kontinuierlich unsere Prozesse und Technologien, um Dienstleistungen auf h\u00f6chstem Niveau anzubieten. Das Feedback unserer Kunden ist f\u00fcr uns von zentraler Bedeutung und hilft uns, zu wachsen und zu innovieren.  <\/p>\n<\/div>\n<\/section>\n\n\n\n<section class=\"wp-block-group has-black-color has-lightgrey-background-color has-text-color has-background has-link-color wp-elements-9404f18432ddcd215fa8b30aac3a2556 is-layout-grid wp-container-core-group-is-layout-63b4d3a4 wp-block-group-is-layout-grid\" style=\"padding-top:0;padding-right:0;padding-bottom:0;padding-left:0\">\n<div class=\"wp-block-group wp-container-content-5fd69529 is-vertical is-content-justification-left is-layout-flex wp-container-core-group-is-layout-ac1f8839 wp-block-group-is-layout-flex\" style=\"padding-top:var(--wp--preset--spacing--40);padding-right:var(--wp--preset--spacing--40);padding-bottom:var(--wp--preset--spacing--40);padding-left:var(--wp--preset--spacing--40)\">\n<h3 class=\"wp-block-heading\" style=\"padding-top:0;padding-bottom:var(--wp--preset--spacing--20)\">Kundenzufriedenheit<\/h3>\n\n\n\n<div class=\"wp-block-group is-vertical is-layout-flex wp-container-core-group-is-layout-ea0cb840 wp-block-group-is-layout-flex\">\n<p class=\"has-medium-font-size\">Unsere Arbeit endet nicht mit der \u00dcbergabe eines reparierten oder neu hergestellten Wagens. Wir sind auch nach der Lieferung f\u00fcr Sie da, bereit, Unterst\u00fctzung zu leisten und Fragen oder Anforderungen zu kl\u00e4ren. Wir glauben, dass langfristige Kundenbeziehungen auf Vertrauen und Zuverl\u00e4ssigkeit basieren, die durch unsere hochwertigen Dienstleistungen gew\u00e4hrleistet werden.  <\/p>\n\n\n\n<p class=\"has-medium-font-size\">Bei LOKO TRANS Slovakia, s.r.o. sind wir stolz darauf, die h\u00f6chste Qualit\u00e4t in der Reparatur und Herstellung von Eisenbahntechnik anbieten zu k\u00f6nnen. Unsere Leidenschaft f\u00fcr Qualit\u00e4t und Kundenzufriedenheit ist das, was uns auszeichnet und antreibt. <\/p>\n<\/div>\n<\/div>\n\n\n\n<div class=\"wp-block-group has-background is-content-justification-center is-nowrap is-layout-flex wp-container-core-group-is-layout-23441af8 wp-block-group-is-layout-flex\" style=\"background-color:#0000000f;min-height:250px;background-image:url(&apos;https:\/\/lokotransslovakia.sk\/wp-content\/uploads\/kvalita-spokojnost-1.jpg&apos;);background-size:cover;\"><\/div>\n<\/section>\n<\/div>\n","protected":false},"excerpt":{"rendered":"<p>Qualit\u00e4t an erster Stelle Bei LOKO TRANS Slovakia, s.r.o. ist Qualit\u00e4t der Grundstein f\u00fcr alles, was wir tun. Unser Unternehmen spezialisiert sich auf die \u00dcberholung von Eisenbahntechnik wie G\u00fcterwagen und Rads\u00e4tze sowie auf die Herstellung neuer G\u00fcterwagen. Wir sind \u00fcberzeugt, dass Qualit\u00e4t nicht nur bedeutet, Standards einzuhalten, sondern auch die Erwartungen unserer Kunden zu \u00fcbertreffen. [&hellip;]<\/p>\n","protected":false},"author":2,"featured_media":0,"parent":1695,"menu_order":7,"comment_status":"closed","ping_status":"closed","template":"","meta":{"_hide_from_menu":false,"footnotes":""},"class_list":["post-1679","page","type-page","status-publish","hentry"],"jetpack_sharing_enabled":true,"_links":{"self":[{"href":"https:\/\/lokotransslovakia.sk\/de\/wp-json\/wp\/v2\/pages\/1679","targetHints":{"allow":["GET"]}}],"collection":[{"href":"https:\/\/lokotransslovakia.sk\/de\/wp-json\/wp\/v2\/pages"}],"about":[{"href":"https:\/\/lokotransslovakia.sk\/de\/wp-json\/wp\/v2\/types\/page"}],"author":[{"embeddable":true,"href":"https:\/\/lokotransslovakia.sk\/de\/wp-json\/wp\/v2\/users\/2"}],"replies":[{"embeddable":true,"href":"https:\/\/lokotransslovakia.sk\/de\/wp-json\/wp\/v2\/comments?post=1679"}],"version-history":[{"count":4,"href":"https:\/\/lokotransslovakia.sk\/de\/wp-json\/wp\/v2\/pages\/1679\/revisions"}],"predecessor-version":[{"id":2243,"href":"https:\/\/lokotransslovakia.sk\/de\/wp-json\/wp\/v2\/pages\/1679\/revisions\/2243"}],"up":[{"embeddable":true,"href":"https:\/\/lokotransslovakia.sk\/de\/wp-json\/wp\/v2\/pages\/1695"}],"wp:attachment":[{"href":"https:\/\/lokotransslovakia.sk\/de\/wp-json\/wp\/v2\/media?parent=1679"}],"curies":[{"name":"wp","href":"https:\/\/api.w.org\/{rel}","templated":true}]}}