{"id":1657,"date":"2024-10-25T03:10:31","date_gmt":"2024-10-25T01:10:31","guid":{"rendered":"https:\/\/loko.skymove.sk\/produktblaetter\/gueterwagen\/"},"modified":"2024-11-30T18:54:29","modified_gmt":"2024-11-30T17:54:29","slug":"gueterwagen","status":"publish","type":"page","link":"https:\/\/lokotransslovakia.sk\/de\/produktblaetter\/gueterwagen\/","title":{"rendered":"G\u00fcterwagen"},"content":{"rendered":"\n<div class=\"wp-block-group has-global-padding is-layout-constrained wp-block-group-is-layout-constrained\">\n<div class=\"wp-block-group is-layout-grid wp-container-core-group-is-layout-80152b60 wp-block-group-is-layout-grid\" style=\"padding-top:var(--wp--preset--spacing--40);padding-right:0;padding-bottom:var(--wp--preset--spacing--20);padding-left:0\">\n<div class=\"wp-block-group has-lightgrey-background-color has-background is-vertical is-content-justification-stretch is-layout-flex wp-container-core-group-is-layout-5eb48714 wp-block-group-is-layout-flex\" style=\"margin-top:0;margin-bottom:0;padding-top:0;padding-right:0;padding-bottom:0;padding-left:0\">\n<figure class=\"wp-block-image size-large\"><img loading=\"lazy\" decoding=\"async\" width=\"1024\" height=\"411\" src=\"https:\/\/lokotransslovakia.sk\/wp-content\/uploads\/lgns-40-1024x411.png\" alt=\"\" class=\"wp-image-1093\" style=\"object-fit:cover\" srcset=\"https:\/\/lokotransslovakia.sk\/wp-content\/uploads\/lgns-40-1024x411.png 1024w, https:\/\/lokotransslovakia.sk\/wp-content\/uploads\/lgns-40-300x120.png 300w, https:\/\/lokotransslovakia.sk\/wp-content\/uploads\/lgns-40-768x308.png 768w, https:\/\/lokotransslovakia.sk\/wp-content\/uploads\/lgns-40.png 1474w\" sizes=\"auto, (max-width: 1024px) 100vw, 1024px\" \/><\/figure>\n\n\n\n<div class=\"wp-block-group has-darkgrey-color has-text-color has-link-color wp-elements-0ad0e2f0b7020cbf1d4cc5c5feda87db is-vertical is-content-justification-stretch is-layout-flex wp-container-core-group-is-layout-1bbf4d19 wp-block-group-is-layout-flex\" style=\"margin-top:0;margin-bottom:0;padding-top:var(--wp--preset--spacing--20);padding-right:var(--wp--preset--spacing--30);padding-bottom:var(--wp--preset--spacing--20);padding-left:var(--wp--preset--spacing--30)\">\n<h5 class=\"wp-block-heading\" style=\"padding-top:0;padding-bottom:0\">Lgns 40&#8242; 2024<\/h5>\n\n\n\n<p>Zwei-Achsen-G\u00fcterwagen f\u00fcr den Transport von Containern und Wechselaufbauten.<\/p>\n\n\n\n<div class=\"wp-block-group is-nowrap is-layout-flex wp-container-core-group-is-layout-17c695da wp-block-group-is-layout-flex\">\n<div class=\"wp-block-buttons is-layout-flex wp-block-buttons-is-layout-flex\">\n<div class=\"wp-block-button is-style-small is-style-small--1\"><a class=\"wp-block-button__link wp-element-button\" href=\"\/wp-content\/uploads\/lgns-40-2024.pdf\" target=\"_blank\" rel=\"noreferrer noopener\">Anzeigen<\/a><\/div>\n<\/div>\n\n\n\n<div class=\"wp-block-group has-darkgrey-color has-white-background-color has-text-color has-background has-link-color has-small-font-size wp-elements-8894d2889896f73103446d03bb7ee1c5 is-nowrap is-layout-flex wp-container-core-group-is-layout-0cd4570c wp-block-group-is-layout-flex\" style=\"border-style:none;border-width:0px;border-radius:10px;padding-top:4px;padding-right:8px;padding-bottom:4px;padding-left:8px\">\n<pre class=\"wp-block-preformatted\">PDF<\/pre>\n<\/div>\n<\/div>\n<\/div>\n<\/div>\n\n\n\n<div class=\"wp-block-group has-lightgrey-background-color has-background is-vertical is-content-justification-stretch is-layout-flex wp-container-core-group-is-layout-5eb48714 wp-block-group-is-layout-flex\" style=\"margin-top:0;margin-bottom:0;padding-top:0;padding-right:0;padding-bottom:0;padding-left:0\">\n<figure class=\"wp-block-image size-large\"><img loading=\"lazy\" decoding=\"async\" width=\"1024\" height=\"411\" src=\"https:\/\/lokotransslovakia.sk\/wp-content\/uploads\/sgmmns-40-1024x411.png\" alt=\"\" class=\"wp-image-1094\" style=\"object-fit:cover\" srcset=\"https:\/\/lokotransslovakia.sk\/wp-content\/uploads\/sgmmns-40-1024x411.png 1024w, https:\/\/lokotransslovakia.sk\/wp-content\/uploads\/sgmmns-40-300x120.png 300w, https:\/\/lokotransslovakia.sk\/wp-content\/uploads\/sgmmns-40-768x308.png 768w, https:\/\/lokotransslovakia.sk\/wp-content\/uploads\/sgmmns-40.png 1474w\" sizes=\"auto, (max-width: 1024px) 100vw, 1024px\" \/><\/figure>\n\n\n\n<div class=\"wp-block-group has-darkgrey-color has-text-color has-link-color wp-elements-88881bc9ae0cd341f03a266d8b29bc62 is-vertical is-content-justification-stretch is-layout-flex wp-container-core-group-is-layout-63592292 wp-block-group-is-layout-flex\" style=\"margin-top:0;margin-bottom:0;padding-top:var(--wp--preset--spacing--20);padding-right:var(--wp--preset--spacing--30);padding-bottom:var(--wp--preset--spacing--20);padding-left:var(--wp--preset--spacing--30)\">\n<h5 class=\"wp-block-heading\" style=\"padding-top:0;padding-bottom:0\">Sgmmns (s) 40&#8242; 2024<\/h5>\n\n\n\n<p>Vier-Achsen-G\u00fcterwagen f\u00fcr den Transport von Containern und Wechselaufbauten.<\/p>\n\n\n\n<div class=\"wp-block-group is-nowrap is-layout-flex wp-container-core-group-is-layout-17c695da wp-block-group-is-layout-flex\">\n<div class=\"wp-block-buttons is-layout-flex wp-block-buttons-is-layout-flex\">\n<div class=\"wp-block-button is-style-small is-style-small--2\"><a class=\"wp-block-button__link wp-element-button\" href=\"\/wp-content\/uploads\/sgmmns-40-2024.pdf\" target=\"_blank\" rel=\"noreferrer noopener\">Anzeigen<\/a><\/div>\n<\/div>\n\n\n\n<div class=\"wp-block-group has-darkgrey-color has-white-background-color has-text-color has-background has-link-color has-small-font-size wp-elements-8894d2889896f73103446d03bb7ee1c5 is-nowrap is-layout-flex wp-container-core-group-is-layout-0cd4570c wp-block-group-is-layout-flex\" style=\"border-style:none;border-width:0px;border-radius:10px;padding-top:4px;padding-right:8px;padding-bottom:4px;padding-left:8px\">\n<pre class=\"wp-block-preformatted\">PDF<\/pre>\n<\/div>\n<\/div>\n<\/div>\n<\/div>\n\n\n\n<div class=\"wp-block-group has-lightgrey-background-color has-background is-vertical is-content-justification-stretch is-layout-flex wp-container-core-group-is-layout-5eb48714 wp-block-group-is-layout-flex\" style=\"margin-top:0;margin-bottom:0;padding-top:0;padding-right:0;padding-bottom:0;padding-left:0\">\n<figure class=\"wp-block-image size-large\"><img loading=\"lazy\" decoding=\"async\" width=\"1024\" height=\"411\" src=\"https:\/\/lokotransslovakia.sk\/wp-content\/uploads\/sgns-60-1024x411.png\" alt=\"\" class=\"wp-image-1098\" style=\"object-fit:cover\" srcset=\"https:\/\/lokotransslovakia.sk\/wp-content\/uploads\/sgns-60-1024x411.png 1024w, https:\/\/lokotransslovakia.sk\/wp-content\/uploads\/sgns-60-300x120.png 300w, https:\/\/lokotransslovakia.sk\/wp-content\/uploads\/sgns-60-768x308.png 768w, https:\/\/lokotransslovakia.sk\/wp-content\/uploads\/sgns-60.png 1474w\" sizes=\"auto, (max-width: 1024px) 100vw, 1024px\" \/><\/figure>\n\n\n\n<div class=\"wp-block-group has-darkgrey-color has-text-color has-link-color wp-elements-5a922549d24b51aa6119daa1bd253235 is-vertical is-content-justification-stretch is-layout-flex wp-container-core-group-is-layout-63592292 wp-block-group-is-layout-flex\" style=\"margin-top:0;margin-bottom:0;padding-top:var(--wp--preset--spacing--20);padding-right:var(--wp--preset--spacing--30);padding-bottom:var(--wp--preset--spacing--20);padding-left:var(--wp--preset--spacing--30)\">\n<h5 class=\"wp-block-heading\" style=\"padding-top:0;padding-bottom:0\">Sgns (s) 60&#8242; 2024<\/h5>\n\n\n\n<p>Vier-Achsen-G\u00fcterwagen f\u00fcr den Transport von Containern und Wechselaufbauten.<\/p>\n\n\n\n<div class=\"wp-block-group is-nowrap is-layout-flex wp-container-core-group-is-layout-17c695da wp-block-group-is-layout-flex\">\n<div class=\"wp-block-buttons is-layout-flex wp-block-buttons-is-layout-flex\">\n<div class=\"wp-block-button is-style-small is-style-small--3\"><a class=\"wp-block-button__link wp-element-button\" href=\"\/wp-content\/uploads\/sgns-60-2024.pdf\" target=\"_blank\" rel=\"noreferrer noopener\">Anzeigen<\/a><\/div>\n<\/div>\n\n\n\n<div class=\"wp-block-group has-darkgrey-color has-white-background-color has-text-color has-background has-link-color has-small-font-size wp-elements-8894d2889896f73103446d03bb7ee1c5 is-nowrap is-layout-flex wp-container-core-group-is-layout-0cd4570c wp-block-group-is-layout-flex\" style=\"border-style:none;border-width:0px;border-radius:10px;padding-top:4px;padding-right:8px;padding-bottom:4px;padding-left:8px\">\n<pre class=\"wp-block-preformatted\">PDF<\/pre>\n<\/div>\n<\/div>\n<\/div>\n<\/div>\n<\/div>\n<\/div>\n\n<div class=\"wp-block-group has-global-padding is-layout-constrained wp-block-group-is-layout-constrained\">\n<div class=\"wp-block-buttons is-layout-flex wp-block-buttons-is-layout-flex\" style=\"margin-top:var(--wp--preset--spacing--20)\">\n<div class=\"wp-block-button is-style-small is-style-small--4\"><a class=\"wp-block-button__link has-darkpurple-color has-lightpurple-background-color has-text-color has-background has-link-color wp-element-button\" href=\"https:\/\/lokotransslovakia.sk\/de\/produktblaetter\/\">\u2190 Alle Produktbl\u00e4tter<\/a><\/div>\n<\/div>\n<\/div>\n","protected":false},"excerpt":{"rendered":"<p>Lgns 40&#8242; 2024 Zwei-Achsen-G\u00fcterwagen f\u00fcr den Transport von Containern und Wechselaufbauten. PDF Sgmmns (s) 40&#8242; 2024 Vier-Achsen-G\u00fcterwagen f\u00fcr den Transport von Containern und Wechselaufbauten. PDF Sgns (s) 60&#8242; 2024 Vier-Achsen-G\u00fcterwagen f\u00fcr den Transport von Containern und Wechselaufbauten. PDF<\/p>\n","protected":false},"author":2,"featured_media":0,"parent":1655,"menu_order":1,"comment_status":"closed","ping_status":"closed","template":"page-with-purple-header","meta":{"_hide_from_menu":false,"footnotes":""},"class_list":["post-1657","page","type-page","status-publish","hentry"],"jetpack_sharing_enabled":true,"_links":{"self":[{"href":"https:\/\/lokotransslovakia.sk\/de\/wp-json\/wp\/v2\/pages\/1657","targetHints":{"allow":["GET"]}}],"collection":[{"href":"https:\/\/lokotransslovakia.sk\/de\/wp-json\/wp\/v2\/pages"}],"about":[{"href":"https:\/\/lokotransslovakia.sk\/de\/wp-json\/wp\/v2\/types\/page"}],"author":[{"embeddable":true,"href":"https:\/\/lokotransslovakia.sk\/de\/wp-json\/wp\/v2\/users\/2"}],"replies":[{"embeddable":true,"href":"https:\/\/lokotransslovakia.sk\/de\/wp-json\/wp\/v2\/comments?post=1657"}],"version-history":[{"count":3,"href":"https:\/\/lokotransslovakia.sk\/de\/wp-json\/wp\/v2\/pages\/1657\/revisions"}],"predecessor-version":[{"id":2216,"href":"https:\/\/lokotransslovakia.sk\/de\/wp-json\/wp\/v2\/pages\/1657\/revisions\/2216"}],"up":[{"embeddable":true,"href":"https:\/\/lokotransslovakia.sk\/de\/wp-json\/wp\/v2\/pages\/1655"}],"wp:attachment":[{"href":"https:\/\/lokotransslovakia.sk\/de\/wp-json\/wp\/v2\/media?parent=1657"}],"curies":[{"name":"wp","href":"https:\/\/api.w.org\/{rel}","templated":true}]}}